{"id":29128,"date":"2022-01-23T22:43:58","date_gmt":"2022-01-23T21:43:58","guid":{"rendered":"https:\/\/www.hml-fetish.de\/shop\/combinaison-militaire-noir\/"},"modified":"2022-01-23T22:43:58","modified_gmt":"2022-01-23T21:43:58","slug":"combinaison-militaire-noir","status":"publish","type":"product","link":"https:\/\/www.hml-fetish.de\/shop\/fr\/combinaison-militaire-noir\/","title":{"rendered":"Combinaison militaire noir"},"content":{"rendered":"<p><P>Une combinaison qui s&#8217;apparente \u00e0 celle port\u00e9e par la Bundeswehr. Doublure amovible ouat\u00e9e. Fermeture \u00e9clair extra longue jusqu&#8217;\u00e0 l&#8217;entrejambe. Grand col montant. Deux poches au niveau de la poitrine et deux autres sur les c\u00f4t\u00e9s. Poignets r\u00e9glables au v\u00e9lcro. Autres coloris (olive, camouflage, bleu-marine) et d&#8217;autres tailles (3XL) disponibles sur demande et un d\u00e9lai de livraison suppl\u00e9mentaire d&#8217;env. 1 semaine. Couleours vert olive, camouflage et bleue marine sur demande (ca. 1 semaine). Materi\u00e9l: 65% Polyester, 35% Coton; Int\u00e9rieur: 100% Nylon; Chemisage: 100% Nylon; Rembourrage: 100% Polyester; Collier: 60% Coton, 40% Polyester.<br \/>\n<BR><img decoding=\"async\" src=\"\/GIF\/sizefr_unisex_up.gif\" alt=\"tableau des tailles\" title=\"tableau des tailles\" border=\"0\" height=\"194\" width=\"114\"><\/P><\/p>\n","protected":false},"excerpt":{"rendered":"<h4>Combinaison militaire noir<\/h4>\n<p><P>Une combinaison qui s&#8217;apparente \u00e0 celle port\u00e9e par la Bundeswehr. Doublure amovible ouat\u00e9e. Fermeture \u00e9clair extra longue jusqu&#8217;\u00e0 l&#8217;entrejambe. Grand col montant. Deux poches au niveau de la poitrine et deux autres sur les c\u00f4t\u00e9s. Poignets r\u00e9glables au v\u00e9lcro.<\/P><\/p>\n","protected":false},"featured_media":29116,"comment_status":"open","ping_status":"closed","template":"","meta":[],"product_brand":[],"product_cat":[630,638],"product_tag":[],"class_list":{"0":"post-29128","1":"product","2":"type-product","3":"status-publish","4":"has-post-thumbnail","6":"product_cat-vetements-army","7":"product_cat-vetements","8":"product_shipping_class-colis-fr","10":"first","11":"instock","12":"taxable","13":"shipping-taxable","14":"purchasable","15":"product-type-variable"},"_links":{"self":[{"href":"https:\/\/www.hml-fetish.de\/shop\/fr\/wp-json\/wp\/v2\/product\/29128","targetHints":{"allow":["GET"]}}],"collection":[{"href":"https:\/\/www.hml-fetish.de\/shop\/fr\/wp-json\/wp\/v2\/product"}],"about":[{"href":"https:\/\/www.hml-fetish.de\/shop\/fr\/wp-json\/wp\/v2\/types\/product"}],"replies":[{"embeddable":true,"href":"https:\/\/www.hml-fetish.de\/shop\/fr\/wp-json\/wp\/v2\/comments?post=29128"}],"version-history":[{"count":0,"href":"https:\/\/www.hml-fetish.de\/shop\/fr\/wp-json\/wp\/v2\/product\/29128\/revisions"}],"wp:featuredmedia":[{"embeddable":true,"href":"https:\/\/www.hml-fetish.de\/shop\/fr\/wp-json\/wp\/v2\/media\/29116"}],"wp:attachment":[{"href":"https:\/\/www.hml-fetish.de\/shop\/fr\/wp-json\/wp\/v2\/media?parent=29128"}],"wp:term":[{"taxonomy":"product_brand","embeddable":true,"href":"https:\/\/www.hml-fetish.de\/shop\/fr\/wp-json\/wp\/v2\/product_brand?post=29128"},{"taxonomy":"product_cat","embeddable":true,"href":"https:\/\/www.hml-fetish.de\/shop\/fr\/wp-json\/wp\/v2\/product_cat?post=29128"},{"taxonomy":"product_tag","embeddable":true,"href":"https:\/\/www.hml-fetish.de\/shop\/fr\/wp-json\/wp\/v2\/product_tag?post=29128"}],"curies":[{"name":"wp","href":"https:\/\/api.w.org\/{rel}","templated":true}]}}