{"id":28949,"date":"2022-01-23T22:44:01","date_gmt":"2022-01-23T21:44:01","guid":{"rendered":"https:\/\/www.hml-fetish.de\/shop\/casque-elasthane\/"},"modified":"2022-01-23T22:44:01","modified_gmt":"2022-01-23T21:44:01","slug":"casque-elasthane","status":"publish","type":"product","link":"https:\/\/www.hml-fetish.de\/shop\/fr\/casque-elasthane\/","title":{"rendered":"Casque elasthane"},"content":{"rendered":"<p><P>Une cagoule du genre balaclava en tricot \u00e9pais avec un col long et une ouverture yeux\/bouche. 100% elasthane, noir, taille universelle. Utilis\u00e9e par les crs, les voleurs et tous les mecs que ta m\u00e8re te d\u00e9conseille.<\/P><\/p>\n","protected":false},"excerpt":{"rendered":"<h4>Casque elasthane<\/h4>\n<p><P>Une cagoule du genre balaclava en tricot \u00e9pais avec un col long et une ouverture yeux\/bouche. 100% elasthane, noir, taille universelle. Utilis\u00e9e par les crs, les voleurs et tous les mecs que ta m\u00e8re te d\u00e9conseille.<\/P><\/p>\n","protected":false},"featured_media":28937,"comment_status":"open","ping_status":"closed","template":"","meta":[],"product_brand":[],"product_cat":[649,732,631,700],"product_tag":[],"class_list":{"0":"post-28949","1":"product","2":"type-product","3":"status-publish","4":"has-post-thumbnail","6":"product_cat-accessoires-fr","7":"product_cat-best-seller","8":"product_cat-bottes-caps-army","9":"product_cat-cagoules-etc","10":"product_shipping_class-lettre","12":"first","13":"instock","14":"taxable","15":"shipping-taxable","16":"purchasable","17":"product-type-simple"},"_links":{"self":[{"href":"https:\/\/www.hml-fetish.de\/shop\/fr\/wp-json\/wp\/v2\/product\/28949","targetHints":{"allow":["GET"]}}],"collection":[{"href":"https:\/\/www.hml-fetish.de\/shop\/fr\/wp-json\/wp\/v2\/product"}],"about":[{"href":"https:\/\/www.hml-fetish.de\/shop\/fr\/wp-json\/wp\/v2\/types\/product"}],"replies":[{"embeddable":true,"href":"https:\/\/www.hml-fetish.de\/shop\/fr\/wp-json\/wp\/v2\/comments?post=28949"}],"version-history":[{"count":0,"href":"https:\/\/www.hml-fetish.de\/shop\/fr\/wp-json\/wp\/v2\/product\/28949\/revisions"}],"wp:featuredmedia":[{"embeddable":true,"href":"https:\/\/www.hml-fetish.de\/shop\/fr\/wp-json\/wp\/v2\/media\/28937"}],"wp:attachment":[{"href":"https:\/\/www.hml-fetish.de\/shop\/fr\/wp-json\/wp\/v2\/media?parent=28949"}],"wp:term":[{"taxonomy":"product_brand","embeddable":true,"href":"https:\/\/www.hml-fetish.de\/shop\/fr\/wp-json\/wp\/v2\/product_brand?post=28949"},{"taxonomy":"product_cat","embeddable":true,"href":"https:\/\/www.hml-fetish.de\/shop\/fr\/wp-json\/wp\/v2\/product_cat?post=28949"},{"taxonomy":"product_tag","embeddable":true,"href":"https:\/\/www.hml-fetish.de\/shop\/fr\/wp-json\/wp\/v2\/product_tag?post=28949"}],"curies":[{"name":"wp","href":"https:\/\/api.w.org\/{rel}","templated":true}]}}