{"id":28933,"date":"2022-01-23T22:44:20","date_gmt":"2022-01-23T21:44:20","guid":{"rendered":"https:\/\/www.hml-fetish.de\/shop\/casque-en-coton\/"},"modified":"2022-01-23T22:44:20","modified_gmt":"2022-01-23T21:44:20","slug":"casque-en-coton","status":"publish","type":"product","link":"https:\/\/www.hml-fetish.de\/shop\/fr\/casque-en-coton\/","title":{"rendered":"Casque en coton"},"content":{"rendered":"<p><P>Une cagoule du genre balaclava en tricot \u00e9pais avec un col long et des ouvertures yeux\/bouche. 100% coton, noir, taille universelle. Utilis\u00e9e par les crs, les voleurs et tous les mecs que ta m\u00e8re te d\u00e9conseille.<\/P><\/p>\n","protected":false},"excerpt":{"rendered":"<h4>Casque en coton<\/h4>\n<p><P>Une cagoule du genre balaclava en tricot \u00e9pais avec un col long et des ouvertures yeux\/bouche. 100% coton, noir, taille universelle. Utilis\u00e9e par les crs, les voleurs et tous les mecs que ta m\u00e8re te d\u00e9conseille.<\/P><\/p>\n","protected":false},"featured_media":28924,"comment_status":"open","ping_status":"closed","template":"","meta":[],"product_brand":[],"product_cat":[634,732,631,700],"product_tag":[],"class_list":{"0":"post-28933","1":"product","2":"type-product","3":"status-publish","4":"has-post-thumbnail","6":"product_cat-accessoires-army","7":"product_cat-best-seller","8":"product_cat-bottes-caps-army","9":"product_cat-cagoules-etc","10":"product_shipping_class-lettre","12":"first","13":"instock","14":"taxable","15":"shipping-taxable","16":"purchasable","17":"product-type-simple"},"_links":{"self":[{"href":"https:\/\/www.hml-fetish.de\/shop\/fr\/wp-json\/wp\/v2\/product\/28933","targetHints":{"allow":["GET"]}}],"collection":[{"href":"https:\/\/www.hml-fetish.de\/shop\/fr\/wp-json\/wp\/v2\/product"}],"about":[{"href":"https:\/\/www.hml-fetish.de\/shop\/fr\/wp-json\/wp\/v2\/types\/product"}],"replies":[{"embeddable":true,"href":"https:\/\/www.hml-fetish.de\/shop\/fr\/wp-json\/wp\/v2\/comments?post=28933"}],"version-history":[{"count":0,"href":"https:\/\/www.hml-fetish.de\/shop\/fr\/wp-json\/wp\/v2\/product\/28933\/revisions"}],"wp:featuredmedia":[{"embeddable":true,"href":"https:\/\/www.hml-fetish.de\/shop\/fr\/wp-json\/wp\/v2\/media\/28924"}],"wp:attachment":[{"href":"https:\/\/www.hml-fetish.de\/shop\/fr\/wp-json\/wp\/v2\/media?parent=28933"}],"wp:term":[{"taxonomy":"product_brand","embeddable":true,"href":"https:\/\/www.hml-fetish.de\/shop\/fr\/wp-json\/wp\/v2\/product_brand?post=28933"},{"taxonomy":"product_cat","embeddable":true,"href":"https:\/\/www.hml-fetish.de\/shop\/fr\/wp-json\/wp\/v2\/product_cat?post=28933"},{"taxonomy":"product_tag","embeddable":true,"href":"https:\/\/www.hml-fetish.de\/shop\/fr\/wp-json\/wp\/v2\/product_tag?post=28933"}],"curies":[{"name":"wp","href":"https:\/\/api.w.org\/{rel}","templated":true}]}}