{"id":28870,"date":"2022-01-23T22:44:21","date_gmt":"2022-01-23T21:44:21","guid":{"rendered":"https:\/\/www.hml-fetish.de\/shop\/genouillere\/"},"modified":"2022-01-23T22:44:21","modified_gmt":"2022-01-23T21:44:21","slug":"genouillere","status":"publish","type":"product","link":"https:\/\/www.hml-fetish.de\/shop\/fr\/genouillere\/","title":{"rendered":"Genouill\u00e8re"},"content":{"rendered":"<p><P>Une paire de genouill\u00e8res en noir &#8211; une r\u00e9plique solide qui offre une bonne protection, des fermetures r\u00e9glables et qui en plus a un look d&#8217;enfer avec ton uniforme!<\/P><\/p>\n","protected":false},"excerpt":{"rendered":"<h4>Genouill\u00e8re<\/h4>\n<p><P>Une paire de genouill\u00e8res en noir &#8211; une r\u00e9plique solide qui offre une bonne protection, des fermetures r\u00e9glables et qui en plus a un look d&#8217;enfer avec ton uniforme!<\/P><\/p>\n","protected":false},"featured_media":28863,"comment_status":"open","ping_status":"closed","template":"","meta":[],"product_brand":[],"product_cat":[649,634],"product_tag":[],"class_list":{"0":"post-28870","1":"product","2":"type-product","3":"status-publish","4":"has-post-thumbnail","6":"product_cat-accessoires-fr","7":"product_cat-accessoires-army","8":"product_shipping_class-colis-fr","10":"first","11":"instock","12":"taxable","13":"shipping-taxable","14":"purchasable","15":"product-type-simple"},"_links":{"self":[{"href":"https:\/\/www.hml-fetish.de\/shop\/fr\/wp-json\/wp\/v2\/product\/28870","targetHints":{"allow":["GET"]}}],"collection":[{"href":"https:\/\/www.hml-fetish.de\/shop\/fr\/wp-json\/wp\/v2\/product"}],"about":[{"href":"https:\/\/www.hml-fetish.de\/shop\/fr\/wp-json\/wp\/v2\/types\/product"}],"replies":[{"embeddable":true,"href":"https:\/\/www.hml-fetish.de\/shop\/fr\/wp-json\/wp\/v2\/comments?post=28870"}],"version-history":[{"count":0,"href":"https:\/\/www.hml-fetish.de\/shop\/fr\/wp-json\/wp\/v2\/product\/28870\/revisions"}],"wp:featuredmedia":[{"embeddable":true,"href":"https:\/\/www.hml-fetish.de\/shop\/fr\/wp-json\/wp\/v2\/media\/28863"}],"wp:attachment":[{"href":"https:\/\/www.hml-fetish.de\/shop\/fr\/wp-json\/wp\/v2\/media?parent=28870"}],"wp:term":[{"taxonomy":"product_brand","embeddable":true,"href":"https:\/\/www.hml-fetish.de\/shop\/fr\/wp-json\/wp\/v2\/product_brand?post=28870"},{"taxonomy":"product_cat","embeddable":true,"href":"https:\/\/www.hml-fetish.de\/shop\/fr\/wp-json\/wp\/v2\/product_cat?post=28870"},{"taxonomy":"product_tag","embeddable":true,"href":"https:\/\/www.hml-fetish.de\/shop\/fr\/wp-json\/wp\/v2\/product_tag?post=28870"}],"curies":[{"name":"wp","href":"https:\/\/api.w.org\/{rel}","templated":true}]}}