{"id":28824,"date":"2022-01-23T22:44:23","date_gmt":"2022-01-23T21:44:23","guid":{"rendered":"https:\/\/www.hml-fetish.de\/shop\/debardeur-en-lacis\/"},"modified":"2022-01-23T22:44:23","modified_gmt":"2022-01-23T21:44:23","slug":"debardeur-en-lacis","status":"publish","type":"product","link":"https:\/\/www.hml-fetish.de\/shop\/fr\/debardeur-en-lacis\/","title":{"rendered":"D\u00e9bardeur en lacis taille M"},"content":{"rendered":"<p><P>Un d\u00e9bardeur hyper moulant sign\u00e9 barcode Berlin en 100% coton. In a semi transparent mesh tissue with a hot red logo patch sewed on the front side. Disponible en taille M seulement!<br \/>\n<BR><img decoding=\"async\" src=\"\/GIF\/sizefr_unisex_sp.gif\" alt=\"tableau des tailles\" title=\"tableau des tailles\" border=\"0\" height=\"194\" width=\"114\"><br \/>\n<BR><IMG SRC=\"\/template\/barcode.gif\" ALT=\"barcode Berlin\" TITLE=\"barcode Berlin\"><\/P><\/p>\n","protected":false},"excerpt":{"rendered":"<h4>D\u00e9bardeur en lacis taille M<\/h4>\n<p><P>Un d\u00e9bardeur hyper moulant sign\u00e9 barcode Berlin en 100% coton. In a semi transparent mesh tissue with a hot red logo patch sewed on the front side.<\/P><\/p>\n","protected":false},"featured_media":28805,"comment_status":"open","ping_status":"closed","template":"","meta":[],"product_brand":[],"product_cat":[752,658],"product_tag":[],"class_list":{"0":"post-28824","1":"product","2":"type-product","3":"status-publish","4":"has-post-thumbnail","6":"product_cat-fin-de-serie","7":"product_cat-t-shirts-debardeurs","8":"product_shipping_class-lettre","10":"first","11":"instock","12":"sale","13":"taxable","14":"shipping-taxable","15":"purchasable","16":"product-type-simple"},"_links":{"self":[{"href":"https:\/\/www.hml-fetish.de\/shop\/fr\/wp-json\/wp\/v2\/product\/28824","targetHints":{"allow":["GET"]}}],"collection":[{"href":"https:\/\/www.hml-fetish.de\/shop\/fr\/wp-json\/wp\/v2\/product"}],"about":[{"href":"https:\/\/www.hml-fetish.de\/shop\/fr\/wp-json\/wp\/v2\/types\/product"}],"replies":[{"embeddable":true,"href":"https:\/\/www.hml-fetish.de\/shop\/fr\/wp-json\/wp\/v2\/comments?post=28824"}],"version-history":[{"count":0,"href":"https:\/\/www.hml-fetish.de\/shop\/fr\/wp-json\/wp\/v2\/product\/28824\/revisions"}],"wp:featuredmedia":[{"embeddable":true,"href":"https:\/\/www.hml-fetish.de\/shop\/fr\/wp-json\/wp\/v2\/media\/28805"}],"wp:attachment":[{"href":"https:\/\/www.hml-fetish.de\/shop\/fr\/wp-json\/wp\/v2\/media?parent=28824"}],"wp:term":[{"taxonomy":"product_brand","embeddable":true,"href":"https:\/\/www.hml-fetish.de\/shop\/fr\/wp-json\/wp\/v2\/product_brand?post=28824"},{"taxonomy":"product_cat","embeddable":true,"href":"https:\/\/www.hml-fetish.de\/shop\/fr\/wp-json\/wp\/v2\/product_cat?post=28824"},{"taxonomy":"product_tag","embeddable":true,"href":"https:\/\/www.hml-fetish.de\/shop\/fr\/wp-json\/wp\/v2\/product_tag?post=28824"}],"curies":[{"name":"wp","href":"https:\/\/api.w.org\/{rel}","templated":true}]}}