{"id":28768,"date":"2022-01-23T22:44:24","date_gmt":"2022-01-23T21:44:24","guid":{"rendered":"https:\/\/www.hml-fetish.de\/shop\/barcode-brief-brixton\/"},"modified":"2022-01-23T22:44:24","modified_gmt":"2022-01-23T21:44:24","slug":"barcode-brief-brixton","status":"publish","type":"product","link":"https:\/\/www.hml-fetish.de\/shop\/fr\/barcode-brief-brixton\/","title":{"rendered":"barcode Brief Brixton"},"content":{"rendered":"<p><P>Cette culotte rouge avec un liser\u00e9 blanc poss\u00e8de une poche bleue contrast\u00e9e particuli\u00e8rement spacieuse et, sur le cul, du coton de couleur vive. Super sexy et tr\u00e8s facile d&#8217;entretien ! M\u00e9lange de mati\u00e8res : 95% coton, 5% \u00e9lasthanne. Tailles S, M et L.<br \/>\n<BR><IMG SRC=\"\/template\/barcode.gif\" ALT=\"barcode Berlin\" TITLE=\"barcode Berlin\"><br \/>\n<BR><img decoding=\"async\" src=\"\/GIF\/sizefr_unisex_sp.gif\" alt=\"tableau des tailles\" title=\"tableau des tailles\" border=\"0\" height=\"194\" width=\"114\"><\/P><\/p>\n","protected":false},"excerpt":{"rendered":"<h4>barcode Brief Brixton<\/h4>\n<p><P>Cette culotte rouge avec un liser\u00e9 blanc poss\u00e8de une poche bleue contrast\u00e9e particuli\u00e8rement spacieuse et, sur le cul, du coton de couleur vive. Super sexy et tr\u00e8s facile d&#8217;entretien ! M\u00e9lange de mati\u00e8res : 95% coton, 5% \u00e9lasthanne. Tailles S, M et L.<\/P><\/p>\n","protected":false},"featured_media":28751,"comment_status":"open","ping_status":"closed","template":"","meta":[],"product_brand":[],"product_cat":[734,654],"product_tag":[],"class_list":{"0":"post-28768","1":"product","2":"type-product","3":"status-publish","4":"has-post-thumbnail","6":"product_cat-promotion","7":"product_cat-slips-thongs","8":"product_shipping_class-colis-fr","10":"first","11":"instock","12":"sale","13":"taxable","14":"shipping-taxable","15":"purchasable","16":"product-type-variable"},"_links":{"self":[{"href":"https:\/\/www.hml-fetish.de\/shop\/fr\/wp-json\/wp\/v2\/product\/28768","targetHints":{"allow":["GET"]}}],"collection":[{"href":"https:\/\/www.hml-fetish.de\/shop\/fr\/wp-json\/wp\/v2\/product"}],"about":[{"href":"https:\/\/www.hml-fetish.de\/shop\/fr\/wp-json\/wp\/v2\/types\/product"}],"replies":[{"embeddable":true,"href":"https:\/\/www.hml-fetish.de\/shop\/fr\/wp-json\/wp\/v2\/comments?post=28768"}],"version-history":[{"count":0,"href":"https:\/\/www.hml-fetish.de\/shop\/fr\/wp-json\/wp\/v2\/product\/28768\/revisions"}],"wp:featuredmedia":[{"embeddable":true,"href":"https:\/\/www.hml-fetish.de\/shop\/fr\/wp-json\/wp\/v2\/media\/28751"}],"wp:attachment":[{"href":"https:\/\/www.hml-fetish.de\/shop\/fr\/wp-json\/wp\/v2\/media?parent=28768"}],"wp:term":[{"taxonomy":"product_brand","embeddable":true,"href":"https:\/\/www.hml-fetish.de\/shop\/fr\/wp-json\/wp\/v2\/product_brand?post=28768"},{"taxonomy":"product_cat","embeddable":true,"href":"https:\/\/www.hml-fetish.de\/shop\/fr\/wp-json\/wp\/v2\/product_cat?post=28768"},{"taxonomy":"product_tag","embeddable":true,"href":"https:\/\/www.hml-fetish.de\/shop\/fr\/wp-json\/wp\/v2\/product_tag?post=28768"}],"curies":[{"name":"wp","href":"https:\/\/api.w.org\/{rel}","templated":true}]}}