{"id":28743,"date":"2022-01-23T22:44:24","date_gmt":"2022-01-23T21:44:24","guid":{"rendered":"https:\/\/www.hml-fetish.de\/shop\/barcode-short-alpha-fr\/"},"modified":"2022-01-23T22:44:24","modified_gmt":"2022-01-23T21:44:24","slug":"barcode-short-alpha-fr","status":"publish","type":"product","link":"https:\/\/www.hml-fetish.de\/shop\/fr\/barcode-short-alpha-fr\/","title":{"rendered":"barcode Short Alpha indigo-blanc"},"content":{"rendered":"<p><P>Un short d&#8217;entra\u00eenement dans un tr\u00e8s joli et discret gris-bleu bord\u00e9 de blanc. Il te permettra de faire bonne figure aussi bien \u00e0 la salle de sport qu&#8217;\u00e0 la plage ! Mati\u00e8re : 100% coton. Tailles S, M, L et XL.<\/p>\n<p><BR><IMG SRC=\"\/template\/barcode.gif\" ALT=\"barcode Berlin\" TITLE=\"barcode Berlin\"><br \/>\n<BR><img decoding=\"async\" src=\"\/GIF\/sizefr_unisex_sp.gif\" alt=\"tableau des tailles\" title=\"tableau des tailles\" border=\"0\" height=\"194\" width=\"114\"><\/P><\/p>\n","protected":false},"excerpt":{"rendered":"<h4>barcode Short Alpha indigo-blanc<\/h4>\n<p><P>Un short d&#8217;entra\u00eenement dans un tr\u00e8s joli et discret gris-bleu bord\u00e9 de blanc. Il te permettra de faire bonne figure aussi bien \u00e0 la salle de sport qu&#8217;\u00e0 la plage ! Mati\u00e8re : 100% coton. Tailles S, M, L et XL.<\/P><\/p>\n","protected":false},"featured_media":28722,"comment_status":"open","ping_status":"closed","template":"","meta":[],"product_brand":[],"product_cat":[660,752],"product_tag":[],"class_list":{"0":"post-28743","1":"product","2":"type-product","3":"status-publish","4":"has-post-thumbnail","6":"product_cat-sportswear-fr","7":"product_cat-fin-de-serie","8":"product_shipping_class-lettre","10":"first","11":"instock","12":"sale","13":"taxable","14":"shipping-taxable","15":"purchasable","16":"product-type-variable"},"_links":{"self":[{"href":"https:\/\/www.hml-fetish.de\/shop\/fr\/wp-json\/wp\/v2\/product\/28743","targetHints":{"allow":["GET"]}}],"collection":[{"href":"https:\/\/www.hml-fetish.de\/shop\/fr\/wp-json\/wp\/v2\/product"}],"about":[{"href":"https:\/\/www.hml-fetish.de\/shop\/fr\/wp-json\/wp\/v2\/types\/product"}],"replies":[{"embeddable":true,"href":"https:\/\/www.hml-fetish.de\/shop\/fr\/wp-json\/wp\/v2\/comments?post=28743"}],"version-history":[{"count":0,"href":"https:\/\/www.hml-fetish.de\/shop\/fr\/wp-json\/wp\/v2\/product\/28743\/revisions"}],"wp:featuredmedia":[{"embeddable":true,"href":"https:\/\/www.hml-fetish.de\/shop\/fr\/wp-json\/wp\/v2\/media\/28722"}],"wp:attachment":[{"href":"https:\/\/www.hml-fetish.de\/shop\/fr\/wp-json\/wp\/v2\/media?parent=28743"}],"wp:term":[{"taxonomy":"product_brand","embeddable":true,"href":"https:\/\/www.hml-fetish.de\/shop\/fr\/wp-json\/wp\/v2\/product_brand?post=28743"},{"taxonomy":"product_cat","embeddable":true,"href":"https:\/\/www.hml-fetish.de\/shop\/fr\/wp-json\/wp\/v2\/product_cat?post=28743"},{"taxonomy":"product_tag","embeddable":true,"href":"https:\/\/www.hml-fetish.de\/shop\/fr\/wp-json\/wp\/v2\/product_tag?post=28743"}],"curies":[{"name":"wp","href":"https:\/\/api.w.org\/{rel}","templated":true}]}}