{"id":28716,"date":"2022-01-23T22:44:24","date_gmt":"2022-01-23T21:44:24","guid":{"rendered":"https:\/\/www.hml-fetish.de\/shop\/bodywear-boxer-brief-fr\/"},"modified":"2022-01-23T22:44:24","modified_gmt":"2022-01-23T21:44:24","slug":"bodywear-boxer-brief-fr","status":"publish","type":"product","link":"https:\/\/www.hml-fetish.de\/shop\/fr\/bodywear-boxer-brief-fr\/","title":{"rendered":"Bodywear Boxer Brief blanc"},"content":{"rendered":"<p><P>Un boxer extra court de Alpha Industries. Fabriqu\u00e9 en 95% coton avec 5% d&#8217;\u00e9lasthanne. Lavable \u00e0 40\u00b0C. Bonne finition avec des poignets \u00e0 double couture, des coutures surpiqu\u00e9es et un style r\u00e9tro extra sexy &#8211; car \u00e9vas\u00e9 sur le devant. Le logo Alpha Industries est tiss\u00e9 \u00e0 la taille.<br \/>\n<BR><img decoding=\"async\" src=\"\/GIF\/sizefr_unisex_sp.gif\" alt=\"tableau des tailles\" title=\"tableau des tailles\" border=\"0\" height=\"194\" width=\"114\">&nbsp;<img decoding=\"async\" src=\"\/template\/tag_ALPHA.gif\" alt=\"Alpha Industries\" title=\"Alpha Industries\" border=\"0\" height=\"155\" width=\"95\"><\/P><\/p>\n","protected":false},"excerpt":{"rendered":"<h4>Bodywear Boxer Brief blanc<\/h4>\n<p><P>Un boxer extra court de Alpha Industries. Fabriqu\u00e9 en 95% coton avec 5% d&#8217;\u00e9lasthanne. Lavable \u00e0 40\u00b0C. Bonne finition avec des poignets \u00e0 double couture, des coutures surpiqu\u00e9es et un style r\u00e9tro extra sexy &#8211; car \u00e9vas\u00e9 sur le devant. Le logo Alpha Industries est tiss\u00e9 \u00e0 la taille.<\/P><\/p>\n","protected":false},"featured_media":28706,"comment_status":"open","ping_status":"closed","template":"","meta":[],"product_brand":[],"product_cat":[752,654,660],"product_tag":[],"class_list":{"0":"post-28716","1":"product","2":"type-product","3":"status-publish","4":"has-post-thumbnail","6":"product_cat-fin-de-serie","7":"product_cat-slips-thongs","8":"product_cat-sportswear-fr","9":"product_shipping_class-lettre","11":"first","12":"instock","13":"sale","14":"taxable","15":"shipping-taxable","16":"purchasable","17":"product-type-variable"},"_links":{"self":[{"href":"https:\/\/www.hml-fetish.de\/shop\/fr\/wp-json\/wp\/v2\/product\/28716","targetHints":{"allow":["GET"]}}],"collection":[{"href":"https:\/\/www.hml-fetish.de\/shop\/fr\/wp-json\/wp\/v2\/product"}],"about":[{"href":"https:\/\/www.hml-fetish.de\/shop\/fr\/wp-json\/wp\/v2\/types\/product"}],"replies":[{"embeddable":true,"href":"https:\/\/www.hml-fetish.de\/shop\/fr\/wp-json\/wp\/v2\/comments?post=28716"}],"version-history":[{"count":0,"href":"https:\/\/www.hml-fetish.de\/shop\/fr\/wp-json\/wp\/v2\/product\/28716\/revisions"}],"wp:featuredmedia":[{"embeddable":true,"href":"https:\/\/www.hml-fetish.de\/shop\/fr\/wp-json\/wp\/v2\/media\/28706"}],"wp:attachment":[{"href":"https:\/\/www.hml-fetish.de\/shop\/fr\/wp-json\/wp\/v2\/media?parent=28716"}],"wp:term":[{"taxonomy":"product_brand","embeddable":true,"href":"https:\/\/www.hml-fetish.de\/shop\/fr\/wp-json\/wp\/v2\/product_brand?post=28716"},{"taxonomy":"product_cat","embeddable":true,"href":"https:\/\/www.hml-fetish.de\/shop\/fr\/wp-json\/wp\/v2\/product_cat?post=28716"},{"taxonomy":"product_tag","embeddable":true,"href":"https:\/\/www.hml-fetish.de\/shop\/fr\/wp-json\/wp\/v2\/product_tag?post=28716"}],"curies":[{"name":"wp","href":"https:\/\/api.w.org\/{rel}","templated":true}]}}