{"id":28620,"date":"2022-01-23T22:44:26","date_gmt":"2022-01-23T21:44:26","guid":{"rendered":"https:\/\/www.hml-fetish.de\/shop\/boxeur-en-latex\/"},"modified":"2022-01-23T22:44:26","modified_gmt":"2022-01-23T21:44:26","slug":"boxeur-en-latex","status":"publish","type":"product","link":"https:\/\/www.hml-fetish.de\/shop\/fr\/boxeur-en-latex\/","title":{"rendered":"Boxeur en latex"},"content":{"rendered":"<p><P>Un boxer moulant en latex de 0,35 mm. Nous sommes s\u00fbrs que tu attireras tous les regards, et pas seulement \u00e0 la piscine, car ce short sexy est un peu \u00e9vas\u00e9 \u00e0 l&#8217;avant.<br \/>\n<BR><img decoding=\"async\" src=\"\/GIF\/sizefr_unisex_sp.gif\" alt=\"tableau des tailles\" title=\"tableau des tailles\" border=\"0\" height=\"194\" width=\"114\"><\/P><\/p>\n","protected":false},"excerpt":{"rendered":"<h4>Boxeur en latex<\/h4>\n<p><P>Un boxer moulant en latex de 0,35 mm. Nous sommes s\u00fbrs que tu attireras tous les regards, et pas seulement \u00e0 la piscine, car ce short sexy est un peu \u00e9vas\u00e9 \u00e0 l&#8217;avant.><\/P><\/p>\n","protected":false},"featured_media":28596,"comment_status":"open","ping_status":"closed","template":"","meta":[],"product_brand":[],"product_cat":[732,622],"product_tag":[],"class_list":{"0":"post-28620","1":"product","2":"type-product","3":"status-publish","4":"has-post-thumbnail","6":"product_cat-best-seller","7":"product_cat-dessous-en-latex","8":"product_shipping_class-lettre","10":"first","11":"instock","12":"sale","13":"taxable","14":"shipping-taxable","15":"purchasable","16":"product-type-variable"},"_links":{"self":[{"href":"https:\/\/www.hml-fetish.de\/shop\/fr\/wp-json\/wp\/v2\/product\/28620","targetHints":{"allow":["GET"]}}],"collection":[{"href":"https:\/\/www.hml-fetish.de\/shop\/fr\/wp-json\/wp\/v2\/product"}],"about":[{"href":"https:\/\/www.hml-fetish.de\/shop\/fr\/wp-json\/wp\/v2\/types\/product"}],"replies":[{"embeddable":true,"href":"https:\/\/www.hml-fetish.de\/shop\/fr\/wp-json\/wp\/v2\/comments?post=28620"}],"version-history":[{"count":0,"href":"https:\/\/www.hml-fetish.de\/shop\/fr\/wp-json\/wp\/v2\/product\/28620\/revisions"}],"wp:featuredmedia":[{"embeddable":true,"href":"https:\/\/www.hml-fetish.de\/shop\/fr\/wp-json\/wp\/v2\/media\/28596"}],"wp:attachment":[{"href":"https:\/\/www.hml-fetish.de\/shop\/fr\/wp-json\/wp\/v2\/media?parent=28620"}],"wp:term":[{"taxonomy":"product_brand","embeddable":true,"href":"https:\/\/www.hml-fetish.de\/shop\/fr\/wp-json\/wp\/v2\/product_brand?post=28620"},{"taxonomy":"product_cat","embeddable":true,"href":"https:\/\/www.hml-fetish.de\/shop\/fr\/wp-json\/wp\/v2\/product_cat?post=28620"},{"taxonomy":"product_tag","embeddable":true,"href":"https:\/\/www.hml-fetish.de\/shop\/fr\/wp-json\/wp\/v2\/product_tag?post=28620"}],"curies":[{"name":"wp","href":"https:\/\/api.w.org\/{rel}","templated":true}]}}