{"id":28378,"date":"2022-01-23T22:44:29","date_gmt":"2022-01-23T21:44:29","guid":{"rendered":"https:\/\/www.hml-fetish.de\/shop\/cock-ring-sport-fucker\/"},"modified":"2022-01-23T22:44:29","modified_gmt":"2022-01-23T21:44:29","slug":"cock-ring-sport-fucker","status":"publish","type":"product","link":"https:\/\/www.hml-fetish.de\/shop\/fr\/cock-ring-sport-fucker\/","title":{"rendered":"Cock-Ring Sport Fucker"},"content":{"rendered":"<p><P>Un anneau \u00e9las&shy;tique aux mul&shy;ti&shy;ples fonc&shy;tions qui sied tes couilles aussi bien que ta queue et te frea d\u00e9cou&shy;vrir des sen&shy;sa&shy;tions fortes. Prix imbat&shy;ta&shy;ble &#8211; si tu en ach\u00e8&shy;tes deux, tu mul&shy;ti&shy;plie&shy;ras ton plai&shy;sir<\/P>!<\/p>\n","protected":false},"excerpt":{"rendered":"<h4>Cock-Ring Sport Fucker<\/h4>\n<p><P>Un anneau \u00e9las&shy;tique aux mul&shy;ti&shy;ples fonc&shy;tions qui sied tes couilles aussi bien que ta queue et te frea d\u00e9cou&shy;vrir des sen&shy;sa&shy;tions fortes. Prix imbat&shy;ta&shy;ble &#8211; si tu en ach\u00e8&shy;tes deux, tu ul&shy;ti&shy;plie&shy;ras ton lai&shy;sir<\/P>!<\/p>\n","protected":false},"featured_media":28370,"comment_status":"open","ping_status":"closed","template":"","meta":[],"product_brand":[],"product_cat":[732,678,674],"product_tag":[],"class_list":{"0":"post-28378","1":"product","2":"type-product","3":"status-publish","4":"has-post-thumbnail","6":"product_cat-best-seller","7":"product_cat-cock-halter-fr","8":"product_cat-cock-rings-fr","9":"product_shipping_class-lettre","11":"first","12":"instock","13":"taxable","14":"shipping-taxable","15":"purchasable","16":"product-type-simple"},"_links":{"self":[{"href":"https:\/\/www.hml-fetish.de\/shop\/fr\/wp-json\/wp\/v2\/product\/28378","targetHints":{"allow":["GET"]}}],"collection":[{"href":"https:\/\/www.hml-fetish.de\/shop\/fr\/wp-json\/wp\/v2\/product"}],"about":[{"href":"https:\/\/www.hml-fetish.de\/shop\/fr\/wp-json\/wp\/v2\/types\/product"}],"replies":[{"embeddable":true,"href":"https:\/\/www.hml-fetish.de\/shop\/fr\/wp-json\/wp\/v2\/comments?post=28378"}],"version-history":[{"count":0,"href":"https:\/\/www.hml-fetish.de\/shop\/fr\/wp-json\/wp\/v2\/product\/28378\/revisions"}],"wp:featuredmedia":[{"embeddable":true,"href":"https:\/\/www.hml-fetish.de\/shop\/fr\/wp-json\/wp\/v2\/media\/28370"}],"wp:attachment":[{"href":"https:\/\/www.hml-fetish.de\/shop\/fr\/wp-json\/wp\/v2\/media?parent=28378"}],"wp:term":[{"taxonomy":"product_brand","embeddable":true,"href":"https:\/\/www.hml-fetish.de\/shop\/fr\/wp-json\/wp\/v2\/product_brand?post=28378"},{"taxonomy":"product_cat","embeddable":true,"href":"https:\/\/www.hml-fetish.de\/shop\/fr\/wp-json\/wp\/v2\/product_cat?post=28378"},{"taxonomy":"product_tag","embeddable":true,"href":"https:\/\/www.hml-fetish.de\/shop\/fr\/wp-json\/wp\/v2\/product_tag?post=28378"}],"curies":[{"name":"wp","href":"https:\/\/api.w.org\/{rel}","templated":true}]}}