{"id":28345,"date":"2022-01-23T22:44:30","date_gmt":"2022-01-23T21:44:30","guid":{"rendered":"https:\/\/www.hml-fetish.de\/shop\/cock-lock-fr\/"},"modified":"2022-01-23T22:44:30","modified_gmt":"2022-01-23T21:44:30","slug":"cock-lock-fr","status":"publish","type":"product","link":"https:\/\/www.hml-fetish.de\/shop\/fr\/cock-lock-fr\/","title":{"rendered":"Cock-Lock"},"content":{"rendered":"<p><P>Un harnais de chastet\u00e9 d&#8217;une qualit\u00e9 \u00e9poustouflante. Fabriqu\u00e9 en plastique tr\u00e8s \u00e9lastique, il convient vraiment \u00e0 tout le monde. Con\u00e7u pour les personnes qui en ont assez de manipuler des pi\u00e8ces en plastique ou en m\u00e9tal compliqu\u00e9es et des serrures minuscules. Il te suffit de le lubrifier \u00e0 l&#8217;int\u00e9rieur et d&#8217;y ranger ton mat\u00e9riel. Ta trique est d\u00e9j\u00e0 emball\u00e9e et sans d\u00e9fense dans sa nouvelle maison. L&#8217;Atomic Jock Cock Lock poss\u00e8de une petite ouverture pour pisser \u00e0 son extr\u00e9mit\u00e9.<\/P><\/p>\n","protected":false},"excerpt":{"rendered":"<h4>Cock-Lock<\/h4>\n<p><P>Un harnais de chastet\u00e9 d&#8217;une qualit\u00e9 \u00e9poustouflante. Fabriqu\u00e9 en plastique tr\u00e8s \u00e9lastique, il convient vraiment \u00e0 tout le monde. Con\u00e7u pour les personnes qui en ont assez de manipuler des pi\u00e8ces en plastique ou en m\u00e9tal compliqu\u00e9es et des serrures minuscules.<\/P><\/p>\n","protected":false},"featured_media":28342,"comment_status":"open","ping_status":"closed","template":"","meta":[],"product_brand":[],"product_cat":[688,736,702],"product_tag":[],"class_list":{"0":"post-28345","1":"product","2":"type-product","3":"status-publish","4":"has-post-thumbnail","6":"product_cat-matos","7":"product_cat-nouveau-hml","8":"product_cat-preservatifs-gels","9":"product_shipping_class-colis-fr","11":"first","12":"instock","13":"taxable","14":"shipping-taxable","15":"purchasable","16":"product-type-simple"},"_links":{"self":[{"href":"https:\/\/www.hml-fetish.de\/shop\/fr\/wp-json\/wp\/v2\/product\/28345","targetHints":{"allow":["GET"]}}],"collection":[{"href":"https:\/\/www.hml-fetish.de\/shop\/fr\/wp-json\/wp\/v2\/product"}],"about":[{"href":"https:\/\/www.hml-fetish.de\/shop\/fr\/wp-json\/wp\/v2\/types\/product"}],"replies":[{"embeddable":true,"href":"https:\/\/www.hml-fetish.de\/shop\/fr\/wp-json\/wp\/v2\/comments?post=28345"}],"version-history":[{"count":0,"href":"https:\/\/www.hml-fetish.de\/shop\/fr\/wp-json\/wp\/v2\/product\/28345\/revisions"}],"wp:featuredmedia":[{"embeddable":true,"href":"https:\/\/www.hml-fetish.de\/shop\/fr\/wp-json\/wp\/v2\/media\/28342"}],"wp:attachment":[{"href":"https:\/\/www.hml-fetish.de\/shop\/fr\/wp-json\/wp\/v2\/media?parent=28345"}],"wp:term":[{"taxonomy":"product_brand","embeddable":true,"href":"https:\/\/www.hml-fetish.de\/shop\/fr\/wp-json\/wp\/v2\/product_brand?post=28345"},{"taxonomy":"product_cat","embeddable":true,"href":"https:\/\/www.hml-fetish.de\/shop\/fr\/wp-json\/wp\/v2\/product_cat?post=28345"},{"taxonomy":"product_tag","embeddable":true,"href":"https:\/\/www.hml-fetish.de\/shop\/fr\/wp-json\/wp\/v2\/product_tag?post=28345"}],"curies":[{"name":"wp","href":"https:\/\/api.w.org\/{rel}","templated":true}]}}