{"id":28324,"date":"2022-01-23T22:44:31","date_gmt":"2022-01-23T21:44:31","guid":{"rendered":"https:\/\/www.hml-fetish.de\/shop\/gode-44-mm\/"},"modified":"2022-01-23T22:44:31","modified_gmt":"2022-01-23T21:44:31","slug":"gode-44-mm","status":"publish","type":"product","link":"https:\/\/www.hml-fetish.de\/shop\/fr\/gode-44-mm\/","title":{"rendered":"Gode 44 mm"},"content":{"rendered":"<p><P>Moul\u00e9 en caoutchouc vinyle noir, pesant environ 400 g et mesurant environ 190 mm de long, ce gode de 44 mm d&#8217;\u00e9paisseur est un partenaire fid\u00e8le pour de nombreuses heures de jeu. La surface d&#8217;appui est bomb\u00e9e, ce qui cr\u00e9e un l\u00e9ger effet de ventouse sur les surfaces lisses.<\/P><\/p>\n","protected":false},"excerpt":{"rendered":"<h4>Gode 44 mm<\/h4>\n<p><P>Moul\u00e9 en caoutchouc vinyle noir, pesant environ 400 g et mesurant environ 190 mm de long, ce gode de 44 mm d&#8217;\u00e9paisseur est un partenaire fid\u00e8le pour de nombreuses heures de jeu. La surface d&#8217;appui est bomb\u00e9e, ce qui cr\u00e9e un l\u00e9ger effet de ventouse sur les surfaces lisses.<\/P><\/p>\n","protected":false},"featured_media":28320,"comment_status":"open","ping_status":"closed","template":"","meta":[],"product_brand":[],"product_cat":[684,732],"product_tag":[],"class_list":{"0":"post-28324","1":"product","2":"type-product","3":"status-publish","4":"has-post-thumbnail","6":"product_cat-godes","7":"product_cat-best-seller","8":"product_shipping_class-colis-fr","10":"first","11":"instock","12":"taxable","13":"shipping-taxable","14":"purchasable","15":"product-type-simple"},"_links":{"self":[{"href":"https:\/\/www.hml-fetish.de\/shop\/fr\/wp-json\/wp\/v2\/product\/28324","targetHints":{"allow":["GET"]}}],"collection":[{"href":"https:\/\/www.hml-fetish.de\/shop\/fr\/wp-json\/wp\/v2\/product"}],"about":[{"href":"https:\/\/www.hml-fetish.de\/shop\/fr\/wp-json\/wp\/v2\/types\/product"}],"replies":[{"embeddable":true,"href":"https:\/\/www.hml-fetish.de\/shop\/fr\/wp-json\/wp\/v2\/comments?post=28324"}],"version-history":[{"count":0,"href":"https:\/\/www.hml-fetish.de\/shop\/fr\/wp-json\/wp\/v2\/product\/28324\/revisions"}],"wp:featuredmedia":[{"embeddable":true,"href":"https:\/\/www.hml-fetish.de\/shop\/fr\/wp-json\/wp\/v2\/media\/28320"}],"wp:attachment":[{"href":"https:\/\/www.hml-fetish.de\/shop\/fr\/wp-json\/wp\/v2\/media?parent=28324"}],"wp:term":[{"taxonomy":"product_brand","embeddable":true,"href":"https:\/\/www.hml-fetish.de\/shop\/fr\/wp-json\/wp\/v2\/product_brand?post=28324"},{"taxonomy":"product_cat","embeddable":true,"href":"https:\/\/www.hml-fetish.de\/shop\/fr\/wp-json\/wp\/v2\/product_cat?post=28324"},{"taxonomy":"product_tag","embeddable":true,"href":"https:\/\/www.hml-fetish.de\/shop\/fr\/wp-json\/wp\/v2\/product_tag?post=28324"}],"curies":[{"name":"wp","href":"https:\/\/api.w.org\/{rel}","templated":true}]}}