{"id":28303,"date":"2022-01-23T22:44:32","date_gmt":"2022-01-23T21:44:32","guid":{"rendered":"https:\/\/www.hml-fetish.de\/shop\/gode-57-mm\/"},"modified":"2022-01-23T22:44:32","modified_gmt":"2022-01-23T21:44:32","slug":"gode-57-mm","status":"publish","type":"product","link":"https:\/\/www.hml-fetish.de\/shop\/fr\/gode-57-mm\/","title":{"rendered":"Gode 57 mm"},"content":{"rendered":"<p><P>Moul\u00e9 en caoutchouc vinyle noir, pesant environ 950 g et mesurant environ 245 mm de long, ce gode d&#8217;une \u00e9paisseur d&#8217;environ 57 mm te donne un peu d&#8217;entra\u00eenement pour les plus avanc\u00e9s. La surface d&#8217;appui est bomb\u00e9e, de sorte qu&#8217;un l\u00e9ger effet de ventouse se produit sur les surfaces lisses.<\/P><\/p>\n","protected":false},"excerpt":{"rendered":"<h4>Gode 57 mm<\/h4>\n<p><P>Moul\u00e9 en caoutchouc vinyle noir, pesant environ 950 g et mesurant environ 245 mm de long, ce gode d&#8217;une \u00e9paisseur d&#8217;environ 57 mm te donne un peu d&#8217;entra\u00eenement pour les plus avanc\u00e9s. La surface d&#8217;appui est bomb\u00e9e, de sorte qu&#8217;un l\u00e9ger effet de ventouse se produit sur les surfaces lisses.<\/P><\/p>\n","protected":false},"featured_media":28297,"comment_status":"open","ping_status":"closed","template":"","meta":[],"product_brand":[],"product_cat":[684],"product_tag":[],"class_list":{"0":"post-28303","1":"product","2":"type-product","3":"status-publish","4":"has-post-thumbnail","6":"product_cat-godes","7":"product_shipping_class-colis-fr","9":"first","10":"instock","11":"taxable","12":"shipping-taxable","13":"purchasable","14":"product-type-simple"},"_links":{"self":[{"href":"https:\/\/www.hml-fetish.de\/shop\/fr\/wp-json\/wp\/v2\/product\/28303","targetHints":{"allow":["GET"]}}],"collection":[{"href":"https:\/\/www.hml-fetish.de\/shop\/fr\/wp-json\/wp\/v2\/product"}],"about":[{"href":"https:\/\/www.hml-fetish.de\/shop\/fr\/wp-json\/wp\/v2\/types\/product"}],"replies":[{"embeddable":true,"href":"https:\/\/www.hml-fetish.de\/shop\/fr\/wp-json\/wp\/v2\/comments?post=28303"}],"version-history":[{"count":0,"href":"https:\/\/www.hml-fetish.de\/shop\/fr\/wp-json\/wp\/v2\/product\/28303\/revisions"}],"wp:featuredmedia":[{"embeddable":true,"href":"https:\/\/www.hml-fetish.de\/shop\/fr\/wp-json\/wp\/v2\/media\/28297"}],"wp:attachment":[{"href":"https:\/\/www.hml-fetish.de\/shop\/fr\/wp-json\/wp\/v2\/media?parent=28303"}],"wp:term":[{"taxonomy":"product_brand","embeddable":true,"href":"https:\/\/www.hml-fetish.de\/shop\/fr\/wp-json\/wp\/v2\/product_brand?post=28303"},{"taxonomy":"product_cat","embeddable":true,"href":"https:\/\/www.hml-fetish.de\/shop\/fr\/wp-json\/wp\/v2\/product_cat?post=28303"},{"taxonomy":"product_tag","embeddable":true,"href":"https:\/\/www.hml-fetish.de\/shop\/fr\/wp-json\/wp\/v2\/product_tag?post=28303"}],"curies":[{"name":"wp","href":"https:\/\/api.w.org\/{rel}","templated":true}]}}