{"id":28148,"date":"2022-01-23T22:44:56","date_gmt":"2022-01-23T21:44:56","guid":{"rendered":"https:\/\/www.hml-fetish.de\/shop\/sonde-electro\/"},"modified":"2022-01-23T22:44:56","modified_gmt":"2022-01-23T21:44:56","slug":"sonde-electro","status":"publish","type":"product","link":"https:\/\/www.hml-fetish.de\/shop\/fr\/sonde-electro\/","title":{"rendered":"Sonde electro"},"content":{"rendered":"<p><P>Un b\u00e2ton long pour ton ur\u00e8tre. Travaill\u00e9 en Aluminium polir, electrifiable de mani\u00e8re bipolaire. Il suffit de le d\u00e9sinfecter et puis l&#8217;introduire lentement (!) avec un peu de lubrifiant \u00e0 base d&#8217;eau (!). Puis branche-le et prends ton pied! Cet appareil n\u00e9cessite l&#8217;appareil de stimulation \u00e9lectrique de Mystim pour l&#8217;alimentation \u00e9lectrique. Il n&#8217;est pas compris dans le prix ! Disponible en \u00e9paisseur 8 mm avec prise jack st\u00e9r\u00e9o 3,5 mm et en \u00e9paisseur 6 mm et 10 mm avec prise ronde Mystim.<\/P><\/p>\n","protected":false},"excerpt":{"rendered":"<h4>Sonde electro<\/h4>\n<p><P>Un b\u00e2ton long pour ton ur\u00e8tre. Travaill\u00e9 en Aluminium polir, electrifiable de mani\u00e8re bipolaire. Il suffit de le d\u00e9sinfecter et puis l&#8217;introduire lentement (!) avec un peu de lubrifiant \u00e0 base d&#8217;eau (!). Puis branche-le et prends ton pied!<\/P><\/p>\n","protected":false},"featured_media":28126,"comment_status":"open","ping_status":"closed","template":"","meta":[],"product_brand":[],"product_cat":[704],"product_tag":[],"class_list":{"0":"post-28148","1":"product","2":"type-product","3":"status-publish","4":"has-post-thumbnail","6":"product_cat-electro-fr","7":"product_shipping_class-lettre","9":"first","10":"instock","11":"taxable","12":"shipping-taxable","13":"purchasable","14":"product-type-variable"},"_links":{"self":[{"href":"https:\/\/www.hml-fetish.de\/shop\/fr\/wp-json\/wp\/v2\/product\/28148","targetHints":{"allow":["GET"]}}],"collection":[{"href":"https:\/\/www.hml-fetish.de\/shop\/fr\/wp-json\/wp\/v2\/product"}],"about":[{"href":"https:\/\/www.hml-fetish.de\/shop\/fr\/wp-json\/wp\/v2\/types\/product"}],"replies":[{"embeddable":true,"href":"https:\/\/www.hml-fetish.de\/shop\/fr\/wp-json\/wp\/v2\/comments?post=28148"}],"version-history":[{"count":0,"href":"https:\/\/www.hml-fetish.de\/shop\/fr\/wp-json\/wp\/v2\/product\/28148\/revisions"}],"wp:featuredmedia":[{"embeddable":true,"href":"https:\/\/www.hml-fetish.de\/shop\/fr\/wp-json\/wp\/v2\/media\/28126"}],"wp:attachment":[{"href":"https:\/\/www.hml-fetish.de\/shop\/fr\/wp-json\/wp\/v2\/media?parent=28148"}],"wp:term":[{"taxonomy":"product_brand","embeddable":true,"href":"https:\/\/www.hml-fetish.de\/shop\/fr\/wp-json\/wp\/v2\/product_brand?post=28148"},{"taxonomy":"product_cat","embeddable":true,"href":"https:\/\/www.hml-fetish.de\/shop\/fr\/wp-json\/wp\/v2\/product_cat?post=28148"},{"taxonomy":"product_tag","embeddable":true,"href":"https:\/\/www.hml-fetish.de\/shop\/fr\/wp-json\/wp\/v2\/product_tag?post=28148"}],"curies":[{"name":"wp","href":"https:\/\/api.w.org\/{rel}","templated":true}]}}