{"id":28121,"date":"2022-01-23T22:44:56","date_gmt":"2022-01-23T21:44:56","guid":{"rendered":"https:\/\/www.hml-fetish.de\/shop\/plug-electro-ronde\/"},"modified":"2022-06-18T12:38:53","modified_gmt":"2022-06-18T10:38:53","slug":"plug-electro-ronde","status":"publish","type":"product","link":"https:\/\/www.hml-fetish.de\/shop\/fr\/plug-electro-ronde\/","title":{"rendered":"Plug electro ronde 35 mm"},"content":{"rendered":"<p><P>Un butt plug bipolaire qui s&#8217;adapte \u00e0 notre appareil de stimulation \u00e9lectrique. Il est fabriqu\u00e9 en acier inox lourd et m\u00e9dical. Ce plug rond est disponible en 35 mm de diam\u00e8tre. Veuillez faire tr\u00e8s attention aux r\u00e9gulateurs du g\u00e9n\u00e9rateur ! Ce plug \u00e9lectrique peut provoquer des picotements doux, mais aussi des sensations assez fortes. Cet appareil n\u00e9cessite l&#8217;appareil de stimulation \u00e9lectrique Mystim pour \u00eatre aliment\u00e9. Il n&#8217;est pas compris dans le prix!<\/P><\/p>\n","protected":false},"excerpt":{"rendered":"<h4>Plug electro ronde 35 mm<\/h4>\n<p><P>Un butt plug bipolaire qui s&#8217;adapte \u00e0 notre appareil de stimulation \u00e9lectrique. Il est fabriqu\u00e9 en acier inox lourd et m\u00e9dical. Ce plug rond est disponible en 35 mm de diam\u00e8tre. Veuillez faire tr\u00e8s attention aux r\u00e9gulateurs du g\u00e9n\u00e9rateur ! Ce plug \u00e9lectrique peut provoquer des picotements doux, mais aussi des sensations assez fortes.<\/P><\/p>\n","protected":false},"featured_media":28107,"comment_status":"open","ping_status":"closed","template":"","meta":[],"product_brand":[],"product_cat":[704,752],"product_tag":[],"class_list":{"0":"post-28121","1":"product","2":"type-product","3":"status-publish","4":"has-post-thumbnail","6":"product_cat-electro-fr","7":"product_cat-fin-de-serie","8":"product_shipping_class-lettre","10":"first","11":"instock","12":"taxable","13":"shipping-taxable","14":"purchasable","15":"product-type-simple"},"_links":{"self":[{"href":"https:\/\/www.hml-fetish.de\/shop\/fr\/wp-json\/wp\/v2\/product\/28121","targetHints":{"allow":["GET"]}}],"collection":[{"href":"https:\/\/www.hml-fetish.de\/shop\/fr\/wp-json\/wp\/v2\/product"}],"about":[{"href":"https:\/\/www.hml-fetish.de\/shop\/fr\/wp-json\/wp\/v2\/types\/product"}],"replies":[{"embeddable":true,"href":"https:\/\/www.hml-fetish.de\/shop\/fr\/wp-json\/wp\/v2\/comments?post=28121"}],"version-history":[{"count":0,"href":"https:\/\/www.hml-fetish.de\/shop\/fr\/wp-json\/wp\/v2\/product\/28121\/revisions"}],"wp:featuredmedia":[{"embeddable":true,"href":"https:\/\/www.hml-fetish.de\/shop\/fr\/wp-json\/wp\/v2\/media\/28107"}],"wp:attachment":[{"href":"https:\/\/www.hml-fetish.de\/shop\/fr\/wp-json\/wp\/v2\/media?parent=28121"}],"wp:term":[{"taxonomy":"product_brand","embeddable":true,"href":"https:\/\/www.hml-fetish.de\/shop\/fr\/wp-json\/wp\/v2\/product_brand?post=28121"},{"taxonomy":"product_cat","embeddable":true,"href":"https:\/\/www.hml-fetish.de\/shop\/fr\/wp-json\/wp\/v2\/product_cat?post=28121"},{"taxonomy":"product_tag","embeddable":true,"href":"https:\/\/www.hml-fetish.de\/shop\/fr\/wp-json\/wp\/v2\/product_tag?post=28121"}],"curies":[{"name":"wp","href":"https:\/\/api.w.org\/{rel}","templated":true}]}}