{"id":28062,"date":"2022-01-23T22:44:57","date_gmt":"2022-01-23T21:44:57","guid":{"rendered":"https:\/\/www.hml-fetish.de\/shop\/bomber-alpha-ma-1-pour-chiens\/"},"modified":"2022-01-23T22:44:57","modified_gmt":"2022-01-23T21:44:57","slug":"bomber-alpha-ma-1-pour-chiens","status":"publish","type":"product","link":"https:\/\/www.hml-fetish.de\/shop\/fr\/bomber-alpha-ma-1-pour-chiens\/","title":{"rendered":"Bomber Alpha MA-1 pour chiens"},"content":{"rendered":"<p><P>L&#8217;original d&#8217;Alpha Industries, probablement le principal fournisseur de l&#8217;US Air Force : le fameux blouson bombardier MA-1. Cette version \u00e0 usage civil est fabriqu\u00e9e dans un mat\u00e9riau en nylon Flight Satin imperm\u00e9able et coupe-vent pour le tissu ext\u00e9rieur. L&#8217;ext\u00e9rieur est en vert US Air Force. L&#8217;int\u00e9rieur est orange vif. Cette version pour ton compagnon \u00e0 quatre pattes porte sur le dos une poche pilote typique et un \u00e9cusson noir chic. Elle se ferme au cou \u00e0 l&#8217;aide de boutons-pression et est r\u00e9glable. Sur le ventre, elle est munie d&#8217;une languette velcro tr\u00e8s pratique.<\/P><br \/>\n<P>Il existe dans les tailles de M \u00e0 3XL avec les dimensions approximatives suivantes:<br \/>\n<BR>Taille M &#8211; Ventre 45 cm \u00e0 55 cm, cou 30 cm \u00e0 35 cm et longueur de dos 33 cm, poignets compris<br \/>\n<BR>Taille L &#8211; Ventre 50 cm \u00e0 60 cm, cou 35 cm \u00e0 40 cm et longueur du dos 38 cm, poignets compris<br \/>\n<BR>Taille XL &#8211; Ventre 55 cm \u00e0 65 cm, cou 40 cm \u00e0 45 cm et 43 cm de longueur de dos, poignets compris<br \/>\n<BR>Taille XXL &#8211; Ventre 60 cm \u00e0 70 cm, cou 45 cm \u00e0 50 cm et 48 cm de longueur de dos, poignets compris<br \/>\n<BR>Taille 3XL &#8211; Ventre 65 cm \u00e0 75 cm, cou 50 cm \u00e0 55 cm et 53 cm de longueur de dos, poignets inclus<br \/>\n<BR><img decoding=\"async\" src=\"\/template\/tag_ALPHA.gif\" alt=\"Alpha Industries\" title=\"Alpha Industries\" border=\"0\" height=\"155\" width=\"95\"><\/P><\/p>\n","protected":false},"excerpt":{"rendered":"<h4>Bomber Alpha MA-1 pour chiens<\/h4>\n<p><P>L&#8217;original d&#8217;Alpha Industries, probablement le principal fournisseur de l&#8217;US Air Force : le fameux blouson bombardier MA-1. Cette version \u00e0 usage civil est fabriqu\u00e9e dans un mat\u00e9riau en nylon Flight Satin imperm\u00e9able et coupe-vent pour le tissu ext\u00e9rieur. L&#8217;ext\u00e9rieur est en vert US Air Force. L&#8217;int\u00e9rieur est orange vif. Cette version pour ton compagnon \u00e0 quatre pattes porte sur le dos une poche pilote typique et un \u00e9cusson noir chic. Elle se ferme au cou \u00e0 l&#8217;aide de boutons-pression et est r\u00e9glable. Sur le ventre, elle est munie d&#8217;une languette velcro tr\u00e8s pratique.<\/P><\/p>\n","protected":false},"featured_media":28039,"comment_status":"open","ping_status":"closed","template":"","meta":[],"product_brand":[],"product_cat":[734,630],"product_tag":[],"class_list":{"0":"post-28062","1":"product","2":"type-product","3":"status-publish","4":"has-post-thumbnail","6":"product_cat-promotion","7":"product_cat-vetements-army","8":"product_shipping_class-colis-fr","10":"first","11":"instock","12":"sale","13":"taxable","14":"shipping-taxable","15":"purchasable","16":"product-type-variable"},"_links":{"self":[{"href":"https:\/\/www.hml-fetish.de\/shop\/fr\/wp-json\/wp\/v2\/product\/28062","targetHints":{"allow":["GET"]}}],"collection":[{"href":"https:\/\/www.hml-fetish.de\/shop\/fr\/wp-json\/wp\/v2\/product"}],"about":[{"href":"https:\/\/www.hml-fetish.de\/shop\/fr\/wp-json\/wp\/v2\/types\/product"}],"replies":[{"embeddable":true,"href":"https:\/\/www.hml-fetish.de\/shop\/fr\/wp-json\/wp\/v2\/comments?post=28062"}],"version-history":[{"count":0,"href":"https:\/\/www.hml-fetish.de\/shop\/fr\/wp-json\/wp\/v2\/product\/28062\/revisions"}],"wp:featuredmedia":[{"embeddable":true,"href":"https:\/\/www.hml-fetish.de\/shop\/fr\/wp-json\/wp\/v2\/media\/28039"}],"wp:attachment":[{"href":"https:\/\/www.hml-fetish.de\/shop\/fr\/wp-json\/wp\/v2\/media?parent=28062"}],"wp:term":[{"taxonomy":"product_brand","embeddable":true,"href":"https:\/\/www.hml-fetish.de\/shop\/fr\/wp-json\/wp\/v2\/product_brand?post=28062"},{"taxonomy":"product_cat","embeddable":true,"href":"https:\/\/www.hml-fetish.de\/shop\/fr\/wp-json\/wp\/v2\/product_cat?post=28062"},{"taxonomy":"product_tag","embeddable":true,"href":"https:\/\/www.hml-fetish.de\/shop\/fr\/wp-json\/wp\/v2\/product_tag?post=28062"}],"curies":[{"name":"wp","href":"https:\/\/api.w.org\/{rel}","templated":true}]}}