{"id":28035,"date":"2022-01-23T22:44:57","date_gmt":"2022-01-23T21:44:57","guid":{"rendered":"https:\/\/www.hml-fetish.de\/shop\/veste-de-survetement-alpha\/"},"modified":"2022-01-23T22:44:57","modified_gmt":"2022-01-23T21:44:57","slug":"veste-de-survetement-alpha","status":"publish","type":"product","link":"https:\/\/www.hml-fetish.de\/shop\/fr\/veste-de-survetement-alpha\/","title":{"rendered":"Veste de surv\u00eatement Alpha taille S"},"content":{"rendered":"<p><P>La veste de surv\u00eatement d&#8217;Alpha Industries est noire et fabriqu\u00e9e \u00e0 80% en coton et \u00e0 20% en polyester, donc particuli\u00e8rement facile d&#8217;entretien. Les broderies blanches contrast\u00e9es, la fermeture \u00e9clair frontale et les deux poches cr\u00e9ent une ambiance extra cool. L&#8217;int\u00e9rieur de la veste est gratt\u00e9 et donc particuli\u00e8rement chaud et moelleux.<br \/>\n<BR><img decoding=\"async\" src=\"\/GIF\/sizefr_unisex_up.gif\" alt=\"tableau des tailles\" title=\"tableau des tailles\" border=\"0\" height=\"194\" width=\"114\"><br \/>\n<BR><img decoding=\"async\" src=\"\/template\/tag_ALPHA.gif\" alt=\"Alpha Industries\" title=\"Alpha Industries\" border=\"0\" height=\"155\" width=\"95\"><\/P><\/p>\n","protected":false},"excerpt":{"rendered":"<h4>Veste de surv\u00eatement Alpha taille S<\/h4>\n<p><P>La veste de surv\u00eatement d&#8217;Alpha Industries est noire et fabriqu\u00e9e \u00e0 80% en coton et \u00e0 20% en polyester, donc particuli\u00e8rement facile d&#8217;entretien. Les broderies blanches contrast\u00e9es, la fermeture \u00e9clair frontale et les deux poches cr\u00e9ent une ambiance extra cool. L&#8217;int\u00e9rieur de la veste est gratt\u00e9 et donc particuli\u00e8rement chaud et moelleux.<\/P><\/p>\n","protected":false},"featured_media":28007,"comment_status":"open","ping_status":"closed","template":"","meta":[],"product_brand":[],"product_cat":[752,660,638],"product_tag":[],"class_list":{"0":"post-28035","1":"product","2":"type-product","3":"status-publish","4":"has-post-thumbnail","6":"product_cat-fin-de-serie","7":"product_cat-sportswear-fr","8":"product_cat-vetements","9":"product_shipping_class-colis-fr","11":"first","12":"instock","13":"sale","14":"taxable","15":"shipping-taxable","16":"purchasable","17":"product-type-simple"},"_links":{"self":[{"href":"https:\/\/www.hml-fetish.de\/shop\/fr\/wp-json\/wp\/v2\/product\/28035","targetHints":{"allow":["GET"]}}],"collection":[{"href":"https:\/\/www.hml-fetish.de\/shop\/fr\/wp-json\/wp\/v2\/product"}],"about":[{"href":"https:\/\/www.hml-fetish.de\/shop\/fr\/wp-json\/wp\/v2\/types\/product"}],"replies":[{"embeddable":true,"href":"https:\/\/www.hml-fetish.de\/shop\/fr\/wp-json\/wp\/v2\/comments?post=28035"}],"version-history":[{"count":0,"href":"https:\/\/www.hml-fetish.de\/shop\/fr\/wp-json\/wp\/v2\/product\/28035\/revisions"}],"wp:featuredmedia":[{"embeddable":true,"href":"https:\/\/www.hml-fetish.de\/shop\/fr\/wp-json\/wp\/v2\/media\/28007"}],"wp:attachment":[{"href":"https:\/\/www.hml-fetish.de\/shop\/fr\/wp-json\/wp\/v2\/media?parent=28035"}],"wp:term":[{"taxonomy":"product_brand","embeddable":true,"href":"https:\/\/www.hml-fetish.de\/shop\/fr\/wp-json\/wp\/v2\/product_brand?post=28035"},{"taxonomy":"product_cat","embeddable":true,"href":"https:\/\/www.hml-fetish.de\/shop\/fr\/wp-json\/wp\/v2\/product_cat?post=28035"},{"taxonomy":"product_tag","embeddable":true,"href":"https:\/\/www.hml-fetish.de\/shop\/fr\/wp-json\/wp\/v2\/product_tag?post=28035"}],"curies":[{"name":"wp","href":"https:\/\/api.w.org\/{rel}","templated":true}]}}