{"id":27673,"date":"2022-01-23T22:45:04","date_gmt":"2022-01-23T21:45:04","guid":{"rendered":"https:\/\/www.hml-fetish.de\/shop\/blind-hood-spandex-fr\/"},"modified":"2022-01-23T22:45:04","modified_gmt":"2022-01-23T21:45:04","slug":"blind-hood-spandex-fr","status":"publish","type":"product","link":"https:\/\/www.hml-fetish.de\/shop\/fr\/blind-hood-spandex-fr\/","title":{"rendered":"Blind Hood Spandex"},"content":{"rendered":"<p><P>Le masque d&#8217;assaut Balaclava est en tissu extensible. 100% spandex, noir et de taille universelle. Ce masque n&#8217;a pas d&#8217;ouvertures du tout, ce qui en fait une protection buccale parfaite. Des rembourrages sont plac\u00e9s au-dessus des yeux. Il est donc opaque et tu dois t&#8217;en remettre \u00e0 la personne qui s&#8217;occupe de ton bien-\u00eatre\u2026<\/P><\/p>\n","protected":false},"excerpt":{"rendered":"<h4>Blind Hood Spandex<\/h4>\n<p><P>Le masque d&#8217;assaut Balaclava est en tissu extensible. 100% spandex, noir et de taille universelle. Ce masque n&#8217;a pas d&#8217;ouvertures du tout, ce qui en fait une protection buccale parfaite.<\/P><\/p>\n","protected":false},"featured_media":27664,"comment_status":"open","ping_status":"closed","template":"","meta":[],"product_brand":[],"product_cat":[634,728,700,736],"product_tag":[],"class_list":{"0":"post-27673","1":"product","2":"type-product","3":"status-publish","4":"has-post-thumbnail","6":"product_cat-accessoires-army","7":"product_cat-adultes","8":"product_cat-cagoules-etc","9":"product_cat-nouveau-hml","10":"product_shipping_class-lettre","12":"first","13":"instock","14":"taxable","15":"shipping-taxable","16":"purchasable","17":"product-type-simple"},"_links":{"self":[{"href":"https:\/\/www.hml-fetish.de\/shop\/fr\/wp-json\/wp\/v2\/product\/27673","targetHints":{"allow":["GET"]}}],"collection":[{"href":"https:\/\/www.hml-fetish.de\/shop\/fr\/wp-json\/wp\/v2\/product"}],"about":[{"href":"https:\/\/www.hml-fetish.de\/shop\/fr\/wp-json\/wp\/v2\/types\/product"}],"replies":[{"embeddable":true,"href":"https:\/\/www.hml-fetish.de\/shop\/fr\/wp-json\/wp\/v2\/comments?post=27673"}],"version-history":[{"count":0,"href":"https:\/\/www.hml-fetish.de\/shop\/fr\/wp-json\/wp\/v2\/product\/27673\/revisions"}],"wp:featuredmedia":[{"embeddable":true,"href":"https:\/\/www.hml-fetish.de\/shop\/fr\/wp-json\/wp\/v2\/media\/27664"}],"wp:attachment":[{"href":"https:\/\/www.hml-fetish.de\/shop\/fr\/wp-json\/wp\/v2\/media?parent=27673"}],"wp:term":[{"taxonomy":"product_brand","embeddable":true,"href":"https:\/\/www.hml-fetish.de\/shop\/fr\/wp-json\/wp\/v2\/product_brand?post=27673"},{"taxonomy":"product_cat","embeddable":true,"href":"https:\/\/www.hml-fetish.de\/shop\/fr\/wp-json\/wp\/v2\/product_cat?post=27673"},{"taxonomy":"product_tag","embeddable":true,"href":"https:\/\/www.hml-fetish.de\/shop\/fr\/wp-json\/wp\/v2\/product_tag?post=27673"}],"curies":[{"name":"wp","href":"https:\/\/api.w.org\/{rel}","templated":true}]}}