{"id":27538,"date":"2022-01-23T22:45:18","date_gmt":"2022-01-23T21:45:18","guid":{"rendered":"https:\/\/www.hml-fetish.de\/shop\/roue-avec-agouilles-en-plastic\/"},"modified":"2022-01-23T22:45:18","modified_gmt":"2022-01-23T21:45:18","slug":"roue-avec-agouilles-en-plastic","status":"publish","type":"product","link":"https:\/\/www.hml-fetish.de\/shop\/fr\/roue-avec-agouilles-en-plastic\/","title":{"rendered":"Roue avec agouilles en plastic"},"content":{"rendered":"<p><P>Une petite poign\u00e9e et des aiguilles en plastique pointues. Rouler sur certaines parties du corps en exer\u00e7ant une l\u00e9g\u00e8re pression\u2026 indescriptible. Imagine ce que tu ressentirais si tu avais les yeux band\u00e9s et que quelqu&#8217;un te faisait rouler tr\u00e8s doucement sur ton corps avec cette molette.<\/P><\/p>\n","protected":false},"excerpt":{"rendered":"<h4>Roue avec agouilles en plastic<\/h4>\n<p><P>Une petite poign\u00e9e et des aiguilles en plastique pointues. Rouler sur certaines parties du corps en exer\u00e7ant une l\u00e9g\u00e8re pression\u2026 indescriptible. Imagine ce que tu ressentirais si tu avais les yeux band\u00e9s et que quelqu&#8217;un te faisait rouler tr\u00e8s doucement sur ton corps avec cette molette.<\/P><\/p>\n","protected":false},"featured_media":27513,"comment_status":"open","ping_status":"closed","template":"","meta":[],"product_brand":[],"product_cat":[697,696],"product_tag":[],"class_list":{"0":"post-27538","1":"product","2":"type-product","3":"status-publish","4":"has-post-thumbnail","6":"product_cat-cbt-fr","7":"product_cat-tetons","8":"product_shipping_class-lettre","10":"first","11":"instock","12":"taxable","13":"shipping-taxable","14":"purchasable","15":"product-type-variable"},"_links":{"self":[{"href":"https:\/\/www.hml-fetish.de\/shop\/fr\/wp-json\/wp\/v2\/product\/27538","targetHints":{"allow":["GET"]}}],"collection":[{"href":"https:\/\/www.hml-fetish.de\/shop\/fr\/wp-json\/wp\/v2\/product"}],"about":[{"href":"https:\/\/www.hml-fetish.de\/shop\/fr\/wp-json\/wp\/v2\/types\/product"}],"replies":[{"embeddable":true,"href":"https:\/\/www.hml-fetish.de\/shop\/fr\/wp-json\/wp\/v2\/comments?post=27538"}],"version-history":[{"count":0,"href":"https:\/\/www.hml-fetish.de\/shop\/fr\/wp-json\/wp\/v2\/product\/27538\/revisions"}],"wp:featuredmedia":[{"embeddable":true,"href":"https:\/\/www.hml-fetish.de\/shop\/fr\/wp-json\/wp\/v2\/media\/27513"}],"wp:attachment":[{"href":"https:\/\/www.hml-fetish.de\/shop\/fr\/wp-json\/wp\/v2\/media?parent=27538"}],"wp:term":[{"taxonomy":"product_brand","embeddable":true,"href":"https:\/\/www.hml-fetish.de\/shop\/fr\/wp-json\/wp\/v2\/product_brand?post=27538"},{"taxonomy":"product_cat","embeddable":true,"href":"https:\/\/www.hml-fetish.de\/shop\/fr\/wp-json\/wp\/v2\/product_cat?post=27538"},{"taxonomy":"product_tag","embeddable":true,"href":"https:\/\/www.hml-fetish.de\/shop\/fr\/wp-json\/wp\/v2\/product_tag?post=27538"}],"curies":[{"name":"wp","href":"https:\/\/api.w.org\/{rel}","templated":true}]}}