{"id":27510,"date":"2022-01-23T22:45:18","date_gmt":"2022-01-23T21:45:18","guid":{"rendered":"https:\/\/www.hml-fetish.de\/shop\/gode-72-mm\/"},"modified":"2022-01-23T22:45:18","modified_gmt":"2022-01-23T21:45:18","slug":"gode-72-mm","status":"publish","type":"product","link":"https:\/\/www.hml-fetish.de\/shop\/fr\/gode-72-mm\/","title":{"rendered":"Gode 72 mm"},"content":{"rendered":"<p><P>Ce gode est un calibre vraiment lourd. Avec son diam\u00e8tre de 72 mm et sa longueur de 380 mm, il p\u00e8se plus de trois livres ! Si tu le poses sur une surface lisse, il ne basculera pas, car il y a une petite ventouse sur le dessous. Tu peux ainsi en toute tranquillit\u00e9 pour la prochaine fist party s&#8217;entra\u00eener. La mati\u00e8re est douce et ses rainures transversales marqu\u00e9es massent ta rosette tout au long de la tige lorsque tu le chevauches.<\/P><\/p>\n","protected":false},"excerpt":{"rendered":"<h4>Gode 72 mm<\/h4>\n<p><P>Ce gode est un calibre vraiment lourd. Avec son diam\u00e8tre de 72 mm et sa longueur de 380 mm, il p\u00e8se plus de trois livres ! Si tu le poses sur une surface lisse, il ne basculera pas, car il y a une petite ventouse sur le dessous.<\/P><\/p>\n","protected":false},"featured_media":27497,"comment_status":"open","ping_status":"closed","template":"","meta":[],"product_brand":[],"product_cat":[684],"product_tag":[],"class_list":{"0":"post-27510","1":"product","2":"type-product","3":"status-publish","4":"has-post-thumbnail","6":"product_cat-godes","7":"product_shipping_class-colis-fr","9":"first","10":"instock","11":"taxable","12":"shipping-taxable","13":"purchasable","14":"product-type-simple"},"_links":{"self":[{"href":"https:\/\/www.hml-fetish.de\/shop\/fr\/wp-json\/wp\/v2\/product\/27510","targetHints":{"allow":["GET"]}}],"collection":[{"href":"https:\/\/www.hml-fetish.de\/shop\/fr\/wp-json\/wp\/v2\/product"}],"about":[{"href":"https:\/\/www.hml-fetish.de\/shop\/fr\/wp-json\/wp\/v2\/types\/product"}],"replies":[{"embeddable":true,"href":"https:\/\/www.hml-fetish.de\/shop\/fr\/wp-json\/wp\/v2\/comments?post=27510"}],"version-history":[{"count":0,"href":"https:\/\/www.hml-fetish.de\/shop\/fr\/wp-json\/wp\/v2\/product\/27510\/revisions"}],"wp:featuredmedia":[{"embeddable":true,"href":"https:\/\/www.hml-fetish.de\/shop\/fr\/wp-json\/wp\/v2\/media\/27497"}],"wp:attachment":[{"href":"https:\/\/www.hml-fetish.de\/shop\/fr\/wp-json\/wp\/v2\/media?parent=27510"}],"wp:term":[{"taxonomy":"product_brand","embeddable":true,"href":"https:\/\/www.hml-fetish.de\/shop\/fr\/wp-json\/wp\/v2\/product_brand?post=27510"},{"taxonomy":"product_cat","embeddable":true,"href":"https:\/\/www.hml-fetish.de\/shop\/fr\/wp-json\/wp\/v2\/product_cat?post=27510"},{"taxonomy":"product_tag","embeddable":true,"href":"https:\/\/www.hml-fetish.de\/shop\/fr\/wp-json\/wp\/v2\/product_tag?post=27510"}],"curies":[{"name":"wp","href":"https:\/\/api.w.org\/{rel}","templated":true}]}}