{"id":27494,"date":"2022-01-23T22:45:19","date_gmt":"2022-01-23T21:45:19","guid":{"rendered":"https:\/\/www.hml-fetish.de\/shop\/gode-42-mm\/"},"modified":"2022-01-23T22:45:19","modified_gmt":"2022-01-23T21:45:19","slug":"gode-42-mm","status":"publish","type":"product","link":"https:\/\/www.hml-fetish.de\/shop\/fr\/gode-42-mm\/","title":{"rendered":"Gode 42 mm"},"content":{"rendered":"<p><P>Une silhouette robuste avec quelques veines et un bon cul. Un gode r\u00e9aliste de 42 mm de diam\u00e8tre. Sa longueur totale est d&#8217;environ 220 mm. Fabriqu\u00e9 dans un mat\u00e9riau sp\u00e9cial en caoutchouc, il est un peu plus doux que le latex et encore plus solide que le vinyle.<\/P><\/p>\n","protected":false},"excerpt":{"rendered":"<h4>Gode 42 mm<\/h4>\n<p><P>Une silhouette robuste avec quelques veines et un bon cul. Un gode r\u00e9aliste de 42 mm de diam\u00e8tre. Sa longueur totale est d&#8217;environ 220 mm. Fabriqu\u00e9 dans un mat\u00e9riau sp\u00e9cial en caoutchouc, il est un peu plus doux que le latex et encore plus solide que le vinyle.<\/P><\/p>\n","protected":false},"featured_media":27482,"comment_status":"open","ping_status":"closed","template":"","meta":[],"product_brand":[],"product_cat":[732,684],"product_tag":[],"class_list":{"0":"post-27494","1":"product","2":"type-product","3":"status-publish","4":"has-post-thumbnail","6":"product_cat-best-seller","7":"product_cat-godes","8":"product_shipping_class-colis-fr","10":"first","11":"instock","12":"taxable","13":"shipping-taxable","14":"purchasable","15":"product-type-simple"},"_links":{"self":[{"href":"https:\/\/www.hml-fetish.de\/shop\/fr\/wp-json\/wp\/v2\/product\/27494","targetHints":{"allow":["GET"]}}],"collection":[{"href":"https:\/\/www.hml-fetish.de\/shop\/fr\/wp-json\/wp\/v2\/product"}],"about":[{"href":"https:\/\/www.hml-fetish.de\/shop\/fr\/wp-json\/wp\/v2\/types\/product"}],"replies":[{"embeddable":true,"href":"https:\/\/www.hml-fetish.de\/shop\/fr\/wp-json\/wp\/v2\/comments?post=27494"}],"version-history":[{"count":0,"href":"https:\/\/www.hml-fetish.de\/shop\/fr\/wp-json\/wp\/v2\/product\/27494\/revisions"}],"wp:featuredmedia":[{"embeddable":true,"href":"https:\/\/www.hml-fetish.de\/shop\/fr\/wp-json\/wp\/v2\/media\/27482"}],"wp:attachment":[{"href":"https:\/\/www.hml-fetish.de\/shop\/fr\/wp-json\/wp\/v2\/media?parent=27494"}],"wp:term":[{"taxonomy":"product_brand","embeddable":true,"href":"https:\/\/www.hml-fetish.de\/shop\/fr\/wp-json\/wp\/v2\/product_brand?post=27494"},{"taxonomy":"product_cat","embeddable":true,"href":"https:\/\/www.hml-fetish.de\/shop\/fr\/wp-json\/wp\/v2\/product_cat?post=27494"},{"taxonomy":"product_tag","embeddable":true,"href":"https:\/\/www.hml-fetish.de\/shop\/fr\/wp-json\/wp\/v2\/product_tag?post=27494"}],"curies":[{"name":"wp","href":"https:\/\/api.w.org\/{rel}","templated":true}]}}