{"id":27478,"date":"2022-01-23T22:45:19","date_gmt":"2022-01-23T21:45:19","guid":{"rendered":"https:\/\/www.hml-fetish.de\/shop\/gode-49-mm\/"},"modified":"2022-01-23T22:45:19","modified_gmt":"2022-01-23T21:45:19","slug":"gode-49-mm","status":"publish","type":"product","link":"https:\/\/www.hml-fetish.de\/shop\/fr\/gode-49-mm\/","title":{"rendered":"Gode 49 mm"},"content":{"rendered":"<p><P>Un gode richement d\u00e9taill\u00e9 de mani\u00e8re naturaliste, d&#8217;environ 49 mm de diam\u00e8tre. Au total, environ 235 mm de long, ce qui correspond \u00e0 un calibre r\u00e9aliste. Moul\u00e9 de mani\u00e8re stable dans un mat\u00e9riau sp\u00e9cial en caoutchouc. Un peu plus souple que le latex et au moins aussi solide que le vinyle. Noir.<\/P><\/p>\n","protected":false},"excerpt":{"rendered":"<h4>Gode 49 mm<\/h4>\n<p><P>Un gode richement d\u00e9taill\u00e9 de mani\u00e8re naturaliste, d&#8217;environ 49 mm de diam\u00e8tre. Au total, environ 235 mm de long, ce qui correspond \u00e0 un calibre r\u00e9aliste. Moul\u00e9 de mani\u00e8re stable dans un mat\u00e9riau sp\u00e9cial en caoutchouc. Un peu plus souple que le latex et au moins aussi solide que le vinyle. Noir.<\/P><\/p>\n","protected":false},"featured_media":27471,"comment_status":"open","ping_status":"closed","template":"","meta":[],"product_brand":[],"product_cat":[684],"product_tag":[],"class_list":{"0":"post-27478","1":"product","2":"type-product","3":"status-publish","4":"has-post-thumbnail","6":"product_cat-godes","7":"product_shipping_class-colis-fr","9":"first","10":"instock","11":"taxable","12":"shipping-taxable","13":"purchasable","14":"product-type-simple"},"_links":{"self":[{"href":"https:\/\/www.hml-fetish.de\/shop\/fr\/wp-json\/wp\/v2\/product\/27478","targetHints":{"allow":["GET"]}}],"collection":[{"href":"https:\/\/www.hml-fetish.de\/shop\/fr\/wp-json\/wp\/v2\/product"}],"about":[{"href":"https:\/\/www.hml-fetish.de\/shop\/fr\/wp-json\/wp\/v2\/types\/product"}],"replies":[{"embeddable":true,"href":"https:\/\/www.hml-fetish.de\/shop\/fr\/wp-json\/wp\/v2\/comments?post=27478"}],"version-history":[{"count":0,"href":"https:\/\/www.hml-fetish.de\/shop\/fr\/wp-json\/wp\/v2\/product\/27478\/revisions"}],"wp:featuredmedia":[{"embeddable":true,"href":"https:\/\/www.hml-fetish.de\/shop\/fr\/wp-json\/wp\/v2\/media\/27471"}],"wp:attachment":[{"href":"https:\/\/www.hml-fetish.de\/shop\/fr\/wp-json\/wp\/v2\/media?parent=27478"}],"wp:term":[{"taxonomy":"product_brand","embeddable":true,"href":"https:\/\/www.hml-fetish.de\/shop\/fr\/wp-json\/wp\/v2\/product_brand?post=27478"},{"taxonomy":"product_cat","embeddable":true,"href":"https:\/\/www.hml-fetish.de\/shop\/fr\/wp-json\/wp\/v2\/product_cat?post=27478"},{"taxonomy":"product_tag","embeddable":true,"href":"https:\/\/www.hml-fetish.de\/shop\/fr\/wp-json\/wp\/v2\/product_tag?post=27478"}],"curies":[{"name":"wp","href":"https:\/\/api.w.org\/{rel}","templated":true}]}}