{"id":27432,"date":"2022-01-23T22:45:21","date_gmt":"2022-01-23T21:45:21","guid":{"rendered":"https:\/\/www.hml-fetish.de\/shop\/gode-47-mm\/"},"modified":"2022-01-23T22:45:21","modified_gmt":"2022-01-23T21:45:21","slug":"gode-47-mm","status":"publish","type":"product","link":"https:\/\/www.hml-fetish.de\/shop\/fr\/gode-47-mm\/","title":{"rendered":"Gode 47 mm"},"content":{"rendered":"<p><P>Un avec les bonnes dimensions et un qui tienne la route. Celui-ci, avec ses 47 mm de diam\u00e8tre et ses 200 mm de longueur, est tout \u00e0 fait appropri\u00e9. Massif en caoutchouc vinyle, r\u00e9sistant et d&#8217;un noir profond brillant.<\/P><\/p>\n","protected":false},"excerpt":{"rendered":"<h4>Gode 47 mm<\/h4>\n<p><P>Un avec les bonnes dimensions et un qui tienne la route. Celui-ci, avec ses 47 mm de diam\u00e8tre et ses 200 mm de longueur, est tout \u00e0 fait appropri\u00e9. Massif en caoutchouc vinyle, r\u00e9sistant et d&#8217;un noir profond brillant.<\/P><\/p>\n","protected":false},"featured_media":27423,"comment_status":"open","ping_status":"closed","template":"","meta":[],"product_brand":[],"product_cat":[684],"product_tag":[],"class_list":{"0":"post-27432","1":"product","2":"type-product","3":"status-publish","4":"has-post-thumbnail","6":"product_cat-godes","7":"product_shipping_class-colis-fr","9":"first","10":"instock","11":"taxable","12":"shipping-taxable","13":"purchasable","14":"product-type-simple"},"_links":{"self":[{"href":"https:\/\/www.hml-fetish.de\/shop\/fr\/wp-json\/wp\/v2\/product\/27432","targetHints":{"allow":["GET"]}}],"collection":[{"href":"https:\/\/www.hml-fetish.de\/shop\/fr\/wp-json\/wp\/v2\/product"}],"about":[{"href":"https:\/\/www.hml-fetish.de\/shop\/fr\/wp-json\/wp\/v2\/types\/product"}],"replies":[{"embeddable":true,"href":"https:\/\/www.hml-fetish.de\/shop\/fr\/wp-json\/wp\/v2\/comments?post=27432"}],"version-history":[{"count":0,"href":"https:\/\/www.hml-fetish.de\/shop\/fr\/wp-json\/wp\/v2\/product\/27432\/revisions"}],"wp:featuredmedia":[{"embeddable":true,"href":"https:\/\/www.hml-fetish.de\/shop\/fr\/wp-json\/wp\/v2\/media\/27423"}],"wp:attachment":[{"href":"https:\/\/www.hml-fetish.de\/shop\/fr\/wp-json\/wp\/v2\/media?parent=27432"}],"wp:term":[{"taxonomy":"product_brand","embeddable":true,"href":"https:\/\/www.hml-fetish.de\/shop\/fr\/wp-json\/wp\/v2\/product_brand?post=27432"},{"taxonomy":"product_cat","embeddable":true,"href":"https:\/\/www.hml-fetish.de\/shop\/fr\/wp-json\/wp\/v2\/product_cat?post=27432"},{"taxonomy":"product_tag","embeddable":true,"href":"https:\/\/www.hml-fetish.de\/shop\/fr\/wp-json\/wp\/v2\/product_tag?post=27432"}],"curies":[{"name":"wp","href":"https:\/\/api.w.org\/{rel}","templated":true}]}}