{"id":27363,"date":"2022-01-23T22:45:22","date_gmt":"2022-01-23T21:45:22","guid":{"rendered":"https:\/\/www.hml-fetish.de\/shop\/gode-54-mm\/"},"modified":"2022-01-23T22:45:22","modified_gmt":"2022-01-23T21:45:22","slug":"gode-54-mm","status":"publish","type":"product","link":"https:\/\/www.hml-fetish.de\/shop\/fr\/gode-54-mm\/","title":{"rendered":"Gode 54 mm"},"content":{"rendered":"<p><P>Avec sa longueur de 320 mm et son diam\u00e8tre de 54 mm, il devance presque toutes les stars du porno. Et comme il est moul\u00e9 en caoutchouc vinyle \u00e0 la fois souple et tr\u00e8s solide, il peut durer plus longtemps. <\/P><\/p>\n","protected":false},"excerpt":{"rendered":"<h4>Gode 54 mm<\/h4>\n<p><P>Avec sa longueur de 320 mm et son diam\u00e8tre de 54 mm, il devance presque toutes les stars du porno. Et comme il est moul\u00e9 en caoutchouc vinyle \u00e0 la fois souple et tr\u00e8s solide, il peut durer plus longtemps. <\/P><\/p>\n","protected":false},"featured_media":27359,"comment_status":"open","ping_status":"closed","template":"","meta":[],"product_brand":[],"product_cat":[684],"product_tag":[],"class_list":{"0":"post-27363","1":"product","2":"type-product","3":"status-publish","4":"has-post-thumbnail","6":"product_cat-godes","7":"product_shipping_class-colis-fr","9":"first","10":"instock","11":"taxable","12":"shipping-taxable","13":"purchasable","14":"product-type-simple"},"_links":{"self":[{"href":"https:\/\/www.hml-fetish.de\/shop\/fr\/wp-json\/wp\/v2\/product\/27363","targetHints":{"allow":["GET"]}}],"collection":[{"href":"https:\/\/www.hml-fetish.de\/shop\/fr\/wp-json\/wp\/v2\/product"}],"about":[{"href":"https:\/\/www.hml-fetish.de\/shop\/fr\/wp-json\/wp\/v2\/types\/product"}],"replies":[{"embeddable":true,"href":"https:\/\/www.hml-fetish.de\/shop\/fr\/wp-json\/wp\/v2\/comments?post=27363"}],"version-history":[{"count":0,"href":"https:\/\/www.hml-fetish.de\/shop\/fr\/wp-json\/wp\/v2\/product\/27363\/revisions"}],"wp:featuredmedia":[{"embeddable":true,"href":"https:\/\/www.hml-fetish.de\/shop\/fr\/wp-json\/wp\/v2\/media\/27359"}],"wp:attachment":[{"href":"https:\/\/www.hml-fetish.de\/shop\/fr\/wp-json\/wp\/v2\/media?parent=27363"}],"wp:term":[{"taxonomy":"product_brand","embeddable":true,"href":"https:\/\/www.hml-fetish.de\/shop\/fr\/wp-json\/wp\/v2\/product_brand?post=27363"},{"taxonomy":"product_cat","embeddable":true,"href":"https:\/\/www.hml-fetish.de\/shop\/fr\/wp-json\/wp\/v2\/product_cat?post=27363"},{"taxonomy":"product_tag","embeddable":true,"href":"https:\/\/www.hml-fetish.de\/shop\/fr\/wp-json\/wp\/v2\/product_tag?post=27363"}],"curies":[{"name":"wp","href":"https:\/\/api.w.org\/{rel}","templated":true}]}}