{"id":27330,"date":"2022-06-13T16:52:21","date_gmt":"2022-06-13T14:52:21","guid":{"rendered":"https:\/\/www.hml-fetish.de\/shop\/?post_type=product&#038;p=27330"},"modified":"2022-06-13T17:03:30","modified_gmt":"2022-06-13T15:03:30","slug":"gode-74-mm","status":"publish","type":"product","link":"https:\/\/www.hml-fetish.de\/shop\/fr\/gode-74-mm\/","title":{"rendered":"Gode 74 mm"},"content":{"rendered":"<p><P>Ce godemich\u00e9 passe d&#8217;environ 50 mm \u00e0 la pointe du gland \u00e0 85 mm \u00e0 la base (74 mm de diam\u00e8tre \u00e0 mi-hauteur). Gr\u00e2ce \u00e0 la large plaque de base avec effet ventouse, il tient toujours et partout comme un seul homme. Un vrai bijou &#8211; m\u00eame pour un appartement design. Le caoutchouc vinyle souple mais r\u00e9sistant r\u00e9siste m\u00eame aux heures d&#8217;entra\u00eenement pour la prochaine soir\u00e9e Fist.<\/P><\/p>\n","protected":false},"excerpt":{"rendered":"<h4>Gode 74 mm<\/h4>\n<p><P>Ce godemich\u00e9 passe d&#8217;environ 50 mm \u00e0 la pointe du gland \u00e0 85 mm \u00e0 la base (74 mm de diam\u00e8tre \u00e0 mi-hauteur). Gr\u00e2ce \u00e0 la large plaque de base avec effet ventouse, il tient toujours et partout comme un seul homme. Un vrai bijou &#8211; m\u00eame pour un appartement design.<\/P><\/p>\n","protected":false},"featured_media":27333,"comment_status":"open","ping_status":"closed","template":"","meta":[],"product_brand":[],"product_cat":[732,684],"product_tag":[],"class_list":{"0":"post-27330","1":"product","2":"type-product","3":"status-publish","4":"has-post-thumbnail","6":"product_cat-best-seller","7":"product_cat-godes","8":"product_shipping_class-colis-fr","10":"first","11":"instock","12":"taxable","13":"shipping-taxable","14":"purchasable","15":"product-type-simple"},"_links":{"self":[{"href":"https:\/\/www.hml-fetish.de\/shop\/fr\/wp-json\/wp\/v2\/product\/27330","targetHints":{"allow":["GET"]}}],"collection":[{"href":"https:\/\/www.hml-fetish.de\/shop\/fr\/wp-json\/wp\/v2\/product"}],"about":[{"href":"https:\/\/www.hml-fetish.de\/shop\/fr\/wp-json\/wp\/v2\/types\/product"}],"replies":[{"embeddable":true,"href":"https:\/\/www.hml-fetish.de\/shop\/fr\/wp-json\/wp\/v2\/comments?post=27330"}],"version-history":[{"count":0,"href":"https:\/\/www.hml-fetish.de\/shop\/fr\/wp-json\/wp\/v2\/product\/27330\/revisions"}],"wp:featuredmedia":[{"embeddable":true,"href":"https:\/\/www.hml-fetish.de\/shop\/fr\/wp-json\/wp\/v2\/media\/27333"}],"wp:attachment":[{"href":"https:\/\/www.hml-fetish.de\/shop\/fr\/wp-json\/wp\/v2\/media?parent=27330"}],"wp:term":[{"taxonomy":"product_brand","embeddable":true,"href":"https:\/\/www.hml-fetish.de\/shop\/fr\/wp-json\/wp\/v2\/product_brand?post=27330"},{"taxonomy":"product_cat","embeddable":true,"href":"https:\/\/www.hml-fetish.de\/shop\/fr\/wp-json\/wp\/v2\/product_cat?post=27330"},{"taxonomy":"product_tag","embeddable":true,"href":"https:\/\/www.hml-fetish.de\/shop\/fr\/wp-json\/wp\/v2\/product_tag?post=27330"}],"curies":[{"name":"wp","href":"https:\/\/api.w.org\/{rel}","templated":true}]}}