{"id":27314,"date":"2022-01-23T22:45:23","date_gmt":"2022-01-23T21:45:23","guid":{"rendered":"https:\/\/www.hml-fetish.de\/shop\/gode-63-mm\/"},"modified":"2022-01-23T22:45:23","modified_gmt":"2022-01-23T21:45:23","slug":"gode-63-mm","status":"publish","type":"product","link":"https:\/\/www.hml-fetish.de\/shop\/fr\/gode-63-mm\/","title":{"rendered":"Gode 63 mm"},"content":{"rendered":"<p><P>De grandes choses s&#8217;approchent de toi. Nous pouvons le voir. A savoir cette merveille de 63 mm d&#8217;\u00e9paisseur et de 290 mm de long. En caoutchouc vinyle r\u00e9sistant. Bien con\u00e7u, avec un gland plut\u00f4t plat, tr\u00e8s finement d\u00e9taill\u00e9 avec des plis de peau et tout, et cut bien s\u00fbr. Mais ne sois pas jaloux. Ou alors, tu aimerais en trimballer un kilo entier avec toi?<\/P><\/p>\n","protected":false},"excerpt":{"rendered":"<h4>Gode 63 mm<\/h4>\n<p><P>De grandes choses s&#8217;approchent de toi. Nous pouvons le voir. A savoir cette merveille de 63 mm d&#8217;\u00e9paisseur et de 290 mm de long. En caoutchouc vinyle r\u00e9sistant. Bien con\u00e7u, avec un gland plut\u00f4t plat, tr\u00e8s finement d\u00e9taill\u00e9 avec des plis de peau et tout, et cut bien s\u00fbr. Mais ne sois pas jaloux. Ou alors, tu aimerais en trimballer un kilo entier avec toi?<\/P><\/p>\n","protected":false},"featured_media":27299,"comment_status":"open","ping_status":"closed","template":"","meta":[],"product_brand":[],"product_cat":[684],"product_tag":[],"class_list":{"0":"post-27314","1":"product","2":"type-product","3":"status-publish","4":"has-post-thumbnail","6":"product_cat-godes","7":"product_shipping_class-colis-fr","9":"first","10":"instock","11":"taxable","12":"shipping-taxable","13":"purchasable","14":"product-type-simple"},"_links":{"self":[{"href":"https:\/\/www.hml-fetish.de\/shop\/fr\/wp-json\/wp\/v2\/product\/27314","targetHints":{"allow":["GET"]}}],"collection":[{"href":"https:\/\/www.hml-fetish.de\/shop\/fr\/wp-json\/wp\/v2\/product"}],"about":[{"href":"https:\/\/www.hml-fetish.de\/shop\/fr\/wp-json\/wp\/v2\/types\/product"}],"replies":[{"embeddable":true,"href":"https:\/\/www.hml-fetish.de\/shop\/fr\/wp-json\/wp\/v2\/comments?post=27314"}],"version-history":[{"count":0,"href":"https:\/\/www.hml-fetish.de\/shop\/fr\/wp-json\/wp\/v2\/product\/27314\/revisions"}],"wp:featuredmedia":[{"embeddable":true,"href":"https:\/\/www.hml-fetish.de\/shop\/fr\/wp-json\/wp\/v2\/media\/27299"}],"wp:attachment":[{"href":"https:\/\/www.hml-fetish.de\/shop\/fr\/wp-json\/wp\/v2\/media?parent=27314"}],"wp:term":[{"taxonomy":"product_brand","embeddable":true,"href":"https:\/\/www.hml-fetish.de\/shop\/fr\/wp-json\/wp\/v2\/product_brand?post=27314"},{"taxonomy":"product_cat","embeddable":true,"href":"https:\/\/www.hml-fetish.de\/shop\/fr\/wp-json\/wp\/v2\/product_cat?post=27314"},{"taxonomy":"product_tag","embeddable":true,"href":"https:\/\/www.hml-fetish.de\/shop\/fr\/wp-json\/wp\/v2\/product_tag?post=27314"}],"curies":[{"name":"wp","href":"https:\/\/api.w.org\/{rel}","templated":true}]}}