{"id":27191,"date":"2022-01-23T22:45:25","date_gmt":"2022-01-23T21:45:25","guid":{"rendered":"https:\/\/www.hml-fetish.de\/shop\/embout-de-douche-en-inox\/"},"modified":"2022-01-23T22:45:25","modified_gmt":"2022-01-23T21:45:25","slug":"embout-de-douche-en-inox","status":"publish","type":"product","link":"https:\/\/www.hml-fetish.de\/shop\/fr\/embout-de-douche-en-inox\/","title":{"rendered":"Embout de douche en inox"},"content":{"rendered":"<p><P>Fabriqu\u00e9 de mani\u00e8re artisanale en acier inox. Avec un filetage ext\u00e9rieur de 1\/2&#8243; qui s&#8217;adapte \u00e0 tous les tuyaux de douche usuels. La tige de rin\u00e7age ronde \u00e0 l&#8217;avant a un diam\u00e8tre de 20 mm. Hors filetage, la douche anale mesure environ 140 mm de long. A l&#8217;extr\u00e9mit\u00e9, cinq ouvertures bien liss\u00e9es sont frais\u00e9es dans l&#8217;acier, par lesquelles tu fais couler l&#8217;eau \u00e0 la temp\u00e9rature du corps ( !).<\/P><\/p>\n","protected":false},"excerpt":{"rendered":"<h4>Embout de douche en inox<\/h4>\n<p><P>Fabriqu\u00e9 de mani\u00e8re artisanale en acier inox. Avec un filetage ext\u00e9rieur de 1\/2&#8243; qui s&#8217;adapte \u00e0 tous les tuyaux de douche usuels. La tige de rin\u00e7age ronde \u00e0 l&#8217;avant a un diam\u00e8tre de 20 mm. Hors filetage, la douche anale mesure environ 140 mm de long.<\/P><\/p>\n","protected":false},"featured_media":27185,"comment_status":"open","ping_status":"closed","template":"","meta":[],"product_brand":[],"product_cat":[732,694],"product_tag":[],"class_list":{"0":"post-27191","1":"product","2":"type-product","3":"status-publish","4":"has-post-thumbnail","6":"product_cat-best-seller","7":"product_cat-medical","8":"product_shipping_class-lettre","10":"first","11":"instock","12":"taxable","13":"shipping-taxable","14":"purchasable","15":"product-type-simple"},"_links":{"self":[{"href":"https:\/\/www.hml-fetish.de\/shop\/fr\/wp-json\/wp\/v2\/product\/27191","targetHints":{"allow":["GET"]}}],"collection":[{"href":"https:\/\/www.hml-fetish.de\/shop\/fr\/wp-json\/wp\/v2\/product"}],"about":[{"href":"https:\/\/www.hml-fetish.de\/shop\/fr\/wp-json\/wp\/v2\/types\/product"}],"replies":[{"embeddable":true,"href":"https:\/\/www.hml-fetish.de\/shop\/fr\/wp-json\/wp\/v2\/comments?post=27191"}],"version-history":[{"count":0,"href":"https:\/\/www.hml-fetish.de\/shop\/fr\/wp-json\/wp\/v2\/product\/27191\/revisions"}],"wp:featuredmedia":[{"embeddable":true,"href":"https:\/\/www.hml-fetish.de\/shop\/fr\/wp-json\/wp\/v2\/media\/27185"}],"wp:attachment":[{"href":"https:\/\/www.hml-fetish.de\/shop\/fr\/wp-json\/wp\/v2\/media?parent=27191"}],"wp:term":[{"taxonomy":"product_brand","embeddable":true,"href":"https:\/\/www.hml-fetish.de\/shop\/fr\/wp-json\/wp\/v2\/product_brand?post=27191"},{"taxonomy":"product_cat","embeddable":true,"href":"https:\/\/www.hml-fetish.de\/shop\/fr\/wp-json\/wp\/v2\/product_cat?post=27191"},{"taxonomy":"product_tag","embeddable":true,"href":"https:\/\/www.hml-fetish.de\/shop\/fr\/wp-json\/wp\/v2\/product_tag?post=27191"}],"curies":[{"name":"wp","href":"https:\/\/api.w.org\/{rel}","templated":true}]}}