{"id":27109,"date":"2022-01-23T22:45:45","date_gmt":"2022-01-23T21:45:45","guid":{"rendered":"https:\/\/www.hml-fetish.de\/shop\/embout-de-douche-en-plastic\/"},"modified":"2024-02-27T12:57:25","modified_gmt":"2024-02-27T11:57:25","slug":"embout-de-douche-en-plastic","status":"publish","type":"product","link":"https:\/\/www.hml-fetish.de\/shop\/fr\/embout-de-douche-en-plastic\/","title":{"rendered":"Embout de douche en plastic"},"content":{"rendered":"<p>Voici le mod\u00e8le de base d&#8217;embout de douche. Economique et facile a nettoyer en plastic \u00e0 fixer directement sur n&#8217;importe quel tuyau de douche, pour une hygi\u00e8ne parfaite. Noir (longueur 14 cm) ou blanc (longueur 11 cm). Avec r\u00e9ducteur de pression.<\/p>\n","protected":false},"excerpt":{"rendered":"<h4>Embout de douche en plastic<\/h4>\n<p>Voici le mod\u00e8le de base d&#8217;embout de douche. Economique et facile a nettoyer en plastic \u00e0 fixer directement sur n&#8217;importe quel tuyau de douche, pour une hygi\u00e8ne parfaite. Noir (longueur 14 cm) ou blanc (longueur 11 cm).<\/p>\n","protected":false},"featured_media":27102,"comment_status":"open","ping_status":"closed","template":"","meta":[],"product_brand":[],"product_cat":[732,688,694],"product_tag":[],"class_list":{"0":"post-27109","1":"product","2":"type-product","3":"status-publish","4":"has-post-thumbnail","6":"product_cat-best-seller","7":"product_cat-matos","8":"product_cat-medical","9":"product_shipping_class-lettre","11":"first","12":"instock","13":"taxable","14":"shipping-taxable","15":"purchasable","16":"product-type-variable"},"_links":{"self":[{"href":"https:\/\/www.hml-fetish.de\/shop\/fr\/wp-json\/wp\/v2\/product\/27109","targetHints":{"allow":["GET"]}}],"collection":[{"href":"https:\/\/www.hml-fetish.de\/shop\/fr\/wp-json\/wp\/v2\/product"}],"about":[{"href":"https:\/\/www.hml-fetish.de\/shop\/fr\/wp-json\/wp\/v2\/types\/product"}],"replies":[{"embeddable":true,"href":"https:\/\/www.hml-fetish.de\/shop\/fr\/wp-json\/wp\/v2\/comments?post=27109"}],"version-history":[{"count":0,"href":"https:\/\/www.hml-fetish.de\/shop\/fr\/wp-json\/wp\/v2\/product\/27109\/revisions"}],"wp:featuredmedia":[{"embeddable":true,"href":"https:\/\/www.hml-fetish.de\/shop\/fr\/wp-json\/wp\/v2\/media\/27102"}],"wp:attachment":[{"href":"https:\/\/www.hml-fetish.de\/shop\/fr\/wp-json\/wp\/v2\/media?parent=27109"}],"wp:term":[{"taxonomy":"product_brand","embeddable":true,"href":"https:\/\/www.hml-fetish.de\/shop\/fr\/wp-json\/wp\/v2\/product_brand?post=27109"},{"taxonomy":"product_cat","embeddable":true,"href":"https:\/\/www.hml-fetish.de\/shop\/fr\/wp-json\/wp\/v2\/product_cat?post=27109"},{"taxonomy":"product_tag","embeddable":true,"href":"https:\/\/www.hml-fetish.de\/shop\/fr\/wp-json\/wp\/v2\/product_tag?post=27109"}],"curies":[{"name":"wp","href":"https:\/\/api.w.org\/{rel}","templated":true}]}}