{"id":27098,"date":"2022-01-23T22:45:46","date_gmt":"2022-01-23T21:45:46","guid":{"rendered":"https:\/\/www.hml-fetish.de\/shop\/speculum-pour-la-vache\/"},"modified":"2022-01-23T22:45:46","modified_gmt":"2022-01-23T21:45:46","slug":"speculum-pour-la-vache","status":"publish","type":"product","link":"https:\/\/www.hml-fetish.de\/shop\/fr\/speculum-pour-la-vache\/","title":{"rendered":"Speculum pour la vache"},"content":{"rendered":"<p><P>Il faut l&#8217;avoir ! Rien que pour voir tes invit\u00e9s rester bouche b\u00e9e lorsqu&#8217;ils se rendront compte de ce qui les attend lorsqu&#8217;ils utiliseront cet objet. Avec une longueur totale de 54 cm et une largeur de bec de 5 cm, ce bec de canard issu de la m\u00e9decine v\u00e9t\u00e9rinaire attire tous les regards et plus d&#8217;un partenaire de jeu sera apprivois\u00e9 et docile si tu le menaces avec \u00e7a.<\/P><br \/>\n<P>Enfin, la menace n&#8217;est pas si grave que \u00e7a. En effet, l&#8217;instrument ne mesure &#8220;que&#8221; 10 cm de diam\u00e8tre lorsqu&#8217;il est enti\u00e8rement d\u00e9ploy\u00e9. Juste assez pour que le poing gant\u00e9 du v\u00e9t\u00e9rinaire puisse s&#8217;enfoncer dans le cul de la vache. Cet article est une exclusivit\u00e9 de HML Fetish !<\/P><\/p>\n","protected":false},"excerpt":{"rendered":"<h4>Speculum pour la vache<\/h4>\n<p><P>Il faut l&#8217;avoir ! Rien que pour voir tes invit\u00e9s rester bouche b\u00e9e lorsqu&#8217;ils se rendront compte de ce qui les attend lorsqu&#8217;ils utiliseront cet objet. Avec une longueur totale de 54 cm et une largeur de bec de 5 cm, ce bec de canard issu de la m\u00e9decine v\u00e9t\u00e9rinaire attire tous les regards et plus d&#8217;un partenaire de jeu sera apprivois\u00e9 et docile si tu le menaces avec \u00e7a.<\/P><\/p>\n","protected":false},"featured_media":27083,"comment_status":"open","ping_status":"closed","template":"","meta":[],"product_brand":[],"product_cat":[714,688,694,734],"product_tag":[],"class_list":{"0":"post-27098","1":"product","2":"type-product","3":"status-publish","4":"has-post-thumbnail","6":"product_cat-dungeon-fr","7":"product_cat-matos","8":"product_cat-medical","9":"product_cat-promotion","10":"product_shipping_class-colis-fr","12":"first","13":"instock","14":"sale","15":"taxable","16":"shipping-taxable","17":"purchasable","18":"product-type-simple"},"_links":{"self":[{"href":"https:\/\/www.hml-fetish.de\/shop\/fr\/wp-json\/wp\/v2\/product\/27098","targetHints":{"allow":["GET"]}}],"collection":[{"href":"https:\/\/www.hml-fetish.de\/shop\/fr\/wp-json\/wp\/v2\/product"}],"about":[{"href":"https:\/\/www.hml-fetish.de\/shop\/fr\/wp-json\/wp\/v2\/types\/product"}],"replies":[{"embeddable":true,"href":"https:\/\/www.hml-fetish.de\/shop\/fr\/wp-json\/wp\/v2\/comments?post=27098"}],"version-history":[{"count":0,"href":"https:\/\/www.hml-fetish.de\/shop\/fr\/wp-json\/wp\/v2\/product\/27098\/revisions"}],"wp:featuredmedia":[{"embeddable":true,"href":"https:\/\/www.hml-fetish.de\/shop\/fr\/wp-json\/wp\/v2\/media\/27083"}],"wp:attachment":[{"href":"https:\/\/www.hml-fetish.de\/shop\/fr\/wp-json\/wp\/v2\/media?parent=27098"}],"wp:term":[{"taxonomy":"product_brand","embeddable":true,"href":"https:\/\/www.hml-fetish.de\/shop\/fr\/wp-json\/wp\/v2\/product_brand?post=27098"},{"taxonomy":"product_cat","embeddable":true,"href":"https:\/\/www.hml-fetish.de\/shop\/fr\/wp-json\/wp\/v2\/product_cat?post=27098"},{"taxonomy":"product_tag","embeddable":true,"href":"https:\/\/www.hml-fetish.de\/shop\/fr\/wp-json\/wp\/v2\/product_tag?post=27098"}],"curies":[{"name":"wp","href":"https:\/\/api.w.org\/{rel}","templated":true}]}}