{"id":27028,"date":"2022-01-23T22:45:47","date_gmt":"2022-01-23T21:45:47","guid":{"rendered":"https:\/\/www.hml-fetish.de\/shop\/boules-anales-40-60-mm\/"},"modified":"2022-01-23T22:45:47","modified_gmt":"2022-01-23T21:45:47","slug":"boules-anales-40-60-mm","status":"publish","type":"product","link":"https:\/\/www.hml-fetish.de\/shop\/fr\/boules-anales-40-60-mm\/","title":{"rendered":"Boules anales 40-60 mm"},"content":{"rendered":"<p><P>Cinq boules massives de 40 mm, 50 mm ou 60 mm de diam\u00e8tre chacune donnent un volume de remplissage consid\u00e9rable (pr\u00e8s de 500 ml). Tu re\u00e7ois ces boules anales dans une version qui commence avec deux boules de 40 mm, suivies de deux boules de 50 mm et d&#8217;une boule de 60 mm. Le retrait est presque plus excitant que l&#8217;insertion!<\/P><br \/>\n<P>Les boules, y compris le cordon, sont en silicone \u00e9lastique et hygi\u00e9nique, que tu peux utiliser avec tous les lubrifiants et m\u00eame nettoyer dans le lave-vaisselle. La boucle \u00e0 l&#8217;extr\u00e9mit\u00e9 est un cockring g\u00e9nial et emp\u00eache de mani\u00e8re \u00e9l\u00e9gante que les boules disparaissent \u00e0 l&#8217;arri\u00e8re.<\/P><\/p>\n","protected":false},"excerpt":{"rendered":"<h4>Boules anales 40-60 mm<\/h4>\n<p><P>Cinq boules massives de 40 mm, 50 mm ou 60 mm de diam\u00e8tre chacune donnent un volume de remplissage consid\u00e9rable (pr\u00e8s de 500 ml). Tu re\u00e7ois ces boules anales dans une version qui commence avec deux boules de 40 mm, suivies de deux boules de 50 mm et d&#8217;une boule de 60 mm. Le retrait est presque plus excitant que l&#8217;insertion!<\/P><\/p>\n","protected":false},"featured_media":27025,"comment_status":"open","ping_status":"closed","template":"","meta":[],"product_brand":[],"product_cat":[686],"product_tag":[],"class_list":{"0":"post-27028","1":"product","2":"type-product","3":"status-publish","4":"has-post-thumbnail","6":"product_cat-plugs-fr","7":"product_shipping_class-colis-fr","9":"first","10":"instock","11":"taxable","12":"shipping-taxable","13":"purchasable","14":"product-type-simple"},"_links":{"self":[{"href":"https:\/\/www.hml-fetish.de\/shop\/fr\/wp-json\/wp\/v2\/product\/27028","targetHints":{"allow":["GET"]}}],"collection":[{"href":"https:\/\/www.hml-fetish.de\/shop\/fr\/wp-json\/wp\/v2\/product"}],"about":[{"href":"https:\/\/www.hml-fetish.de\/shop\/fr\/wp-json\/wp\/v2\/types\/product"}],"replies":[{"embeddable":true,"href":"https:\/\/www.hml-fetish.de\/shop\/fr\/wp-json\/wp\/v2\/comments?post=27028"}],"version-history":[{"count":0,"href":"https:\/\/www.hml-fetish.de\/shop\/fr\/wp-json\/wp\/v2\/product\/27028\/revisions"}],"wp:featuredmedia":[{"embeddable":true,"href":"https:\/\/www.hml-fetish.de\/shop\/fr\/wp-json\/wp\/v2\/media\/27025"}],"wp:attachment":[{"href":"https:\/\/www.hml-fetish.de\/shop\/fr\/wp-json\/wp\/v2\/media?parent=27028"}],"wp:term":[{"taxonomy":"product_brand","embeddable":true,"href":"https:\/\/www.hml-fetish.de\/shop\/fr\/wp-json\/wp\/v2\/product_brand?post=27028"},{"taxonomy":"product_cat","embeddable":true,"href":"https:\/\/www.hml-fetish.de\/shop\/fr\/wp-json\/wp\/v2\/product_cat?post=27028"},{"taxonomy":"product_tag","embeddable":true,"href":"https:\/\/www.hml-fetish.de\/shop\/fr\/wp-json\/wp\/v2\/product_tag?post=27028"}],"curies":[{"name":"wp","href":"https:\/\/api.w.org\/{rel}","templated":true}]}}