{"id":26990,"date":"2022-01-23T22:45:47","date_gmt":"2022-01-23T21:45:47","guid":{"rendered":"https:\/\/www.hml-fetish.de\/shop\/bracelet-en-cuir-avec-boucle-2\/"},"modified":"2022-01-23T22:45:47","modified_gmt":"2022-01-23T21:45:47","slug":"bracelet-en-cuir-avec-boucle-2","status":"publish","type":"product","link":"https:\/\/www.hml-fetish.de\/shop\/fr\/bracelet-en-cuir-avec-boucle-2\/","title":{"rendered":"Bracelet en cuir avec boucle"},"content":{"rendered":"<p><P>La qualit\u00e9 HML \u00e9prouv\u00e9e dans une finition particuli\u00e8rement solide, chaque fois en nappa de vachette \u00e0 double pli. Particuli\u00e8rement r\u00e9sistant gr\u00e2ce \u00e0 un rivetage solide. Les bords repli\u00e9s sont arrondis et doux et ne coupent pas, quelle que soit la dur\u00e9e de port de ton bracelet. Les rivets et les \u0153illets sont exempts de rouille et de nickel. Ferm\u00e9 par une boucle, il est r\u00e9glable. Disponible au choix en 5 cm ou 6 cm de large.<\/P><\/p>\n","protected":false},"excerpt":{"rendered":"<h4>Bracelet en cuir avec boucle<\/h4>\n<p><P>La qualit\u00e9 HML \u00e9prouv\u00e9e dans une finition particuli\u00e8rement solide, chaque fois en nappa de vachette \u00e0 double pli. Particuli\u00e8rement r\u00e9sistant gr\u00e2ce \u00e0 un rivetage solide. Les bords repli\u00e9s sont arrondis et doux et ne coupent pas, quelle que soit la dur\u00e9e de port de ton bracelet.<\/P><\/p>\n","protected":false},"featured_media":26959,"comment_status":"open","ping_status":"closed","template":"","meta":[],"product_brand":[],"product_cat":[732,604,726],"product_tag":[4400],"class_list":{"0":"post-26990","1":"product","2":"type-product","3":"status-publish","4":"has-post-thumbnail","6":"product_cat-best-seller","7":"product_cat-bracelets","8":"product_cat-divers","9":"product_tag-hml-fetish-original-fr","10":"product_shipping_class-colis-fr","12":"first","13":"instock","14":"taxable","15":"shipping-taxable","16":"purchasable","17":"product-type-variable"},"_links":{"self":[{"href":"https:\/\/www.hml-fetish.de\/shop\/fr\/wp-json\/wp\/v2\/product\/26990","targetHints":{"allow":["GET"]}}],"collection":[{"href":"https:\/\/www.hml-fetish.de\/shop\/fr\/wp-json\/wp\/v2\/product"}],"about":[{"href":"https:\/\/www.hml-fetish.de\/shop\/fr\/wp-json\/wp\/v2\/types\/product"}],"replies":[{"embeddable":true,"href":"https:\/\/www.hml-fetish.de\/shop\/fr\/wp-json\/wp\/v2\/comments?post=26990"}],"version-history":[{"count":0,"href":"https:\/\/www.hml-fetish.de\/shop\/fr\/wp-json\/wp\/v2\/product\/26990\/revisions"}],"wp:featuredmedia":[{"embeddable":true,"href":"https:\/\/www.hml-fetish.de\/shop\/fr\/wp-json\/wp\/v2\/media\/26959"}],"wp:attachment":[{"href":"https:\/\/www.hml-fetish.de\/shop\/fr\/wp-json\/wp\/v2\/media?parent=26990"}],"wp:term":[{"taxonomy":"product_brand","embeddable":true,"href":"https:\/\/www.hml-fetish.de\/shop\/fr\/wp-json\/wp\/v2\/product_brand?post=26990"},{"taxonomy":"product_cat","embeddable":true,"href":"https:\/\/www.hml-fetish.de\/shop\/fr\/wp-json\/wp\/v2\/product_cat?post=26990"},{"taxonomy":"product_tag","embeddable":true,"href":"https:\/\/www.hml-fetish.de\/shop\/fr\/wp-json\/wp\/v2\/product_tag?post=26990"}],"curies":[{"name":"wp","href":"https:\/\/api.w.org\/{rel}","templated":true}]}}