{"id":26948,"date":"2022-01-23T22:45:48","date_gmt":"2022-01-23T21:45:48","guid":{"rendered":"https:\/\/www.hml-fetish.de\/shop\/bracelet-en-couleur-6-cm-large-avec-boucle\/"},"modified":"2022-01-23T22:45:48","modified_gmt":"2022-01-23T21:45:48","slug":"bracelet-en-couleur-6-cm-large-avec-boucle","status":"publish","type":"product","link":"https:\/\/www.hml-fetish.de\/shop\/fr\/bracelet-en-couleur-6-cm-large-avec-boucle\/","title":{"rendered":"Bracelet en couleur 6 cm large avec boucle"},"content":{"rendered":"<p><P>La qualit\u00e9 exclusive griff\u00e9e HML Fetish. Des bracelet en cuir noir de premi\u00e8re qualit\u00e9. Faites \u00e0 la main. Gr\u00e2ce aux bordures doubl\u00e9es et cousues elles sont hyper confortables \u00e0 porter &#8211; peu importe la dur\u00e9e et l&#8217;activit\u00e9.<\/P><\/p>\n","protected":false},"excerpt":{"rendered":"<h4>Bracelet en couleur 6 cm large avec boucle<\/h4>\n<p><P>La qualit\u00e9 exclusive griff\u00e9e HML Fetish. Des bracelet en cuir noir de premi\u00e8re qualit\u00e9. Faites \u00e0 la main. Gr\u00e2ce aux bordures doubl\u00e9es et cousues elles sont hyper confortables \u00e0 porter &#8211; peu importe la dur\u00e9e et l&#8217;activit\u00e9.<\/P><\/p>\n","protected":false},"featured_media":26920,"comment_status":"open","ping_status":"closed","template":"","meta":[],"product_brand":[],"product_cat":[604,720,736],"product_tag":[4400],"class_list":{"0":"post-26948","1":"product","2":"type-product","3":"status-publish","4":"has-post-thumbnail","6":"product_cat-bracelets","7":"product_cat-code-hanky","8":"product_cat-nouveau-hml","9":"product_tag-hml-fetish-original-fr","10":"product_shipping_class-colis-fr","12":"first","13":"instock","14":"taxable","15":"shipping-taxable","16":"purchasable","17":"product-type-variable"},"_links":{"self":[{"href":"https:\/\/www.hml-fetish.de\/shop\/fr\/wp-json\/wp\/v2\/product\/26948","targetHints":{"allow":["GET"]}}],"collection":[{"href":"https:\/\/www.hml-fetish.de\/shop\/fr\/wp-json\/wp\/v2\/product"}],"about":[{"href":"https:\/\/www.hml-fetish.de\/shop\/fr\/wp-json\/wp\/v2\/types\/product"}],"replies":[{"embeddable":true,"href":"https:\/\/www.hml-fetish.de\/shop\/fr\/wp-json\/wp\/v2\/comments?post=26948"}],"version-history":[{"count":0,"href":"https:\/\/www.hml-fetish.de\/shop\/fr\/wp-json\/wp\/v2\/product\/26948\/revisions"}],"wp:featuredmedia":[{"embeddable":true,"href":"https:\/\/www.hml-fetish.de\/shop\/fr\/wp-json\/wp\/v2\/media\/26920"}],"wp:attachment":[{"href":"https:\/\/www.hml-fetish.de\/shop\/fr\/wp-json\/wp\/v2\/media?parent=26948"}],"wp:term":[{"taxonomy":"product_brand","embeddable":true,"href":"https:\/\/www.hml-fetish.de\/shop\/fr\/wp-json\/wp\/v2\/product_brand?post=26948"},{"taxonomy":"product_cat","embeddable":true,"href":"https:\/\/www.hml-fetish.de\/shop\/fr\/wp-json\/wp\/v2\/product_cat?post=26948"},{"taxonomy":"product_tag","embeddable":true,"href":"https:\/\/www.hml-fetish.de\/shop\/fr\/wp-json\/wp\/v2\/product_tag?post=26948"}],"curies":[{"name":"wp","href":"https:\/\/api.w.org\/{rel}","templated":true}]}}