{"id":26916,"date":"2022-01-23T22:45:48","date_gmt":"2022-01-23T21:45:48","guid":{"rendered":"https:\/\/www.hml-fetish.de\/shop\/gamme-de-anale-en-inox\/"},"modified":"2022-01-23T22:45:48","modified_gmt":"2022-01-23T21:45:48","slug":"gamme-de-anale-en-inox","status":"publish","type":"product","link":"https:\/\/www.hml-fetish.de\/shop\/fr\/gamme-de-anale-en-inox\/","title":{"rendered":"Gamme de anale en inox"},"content":{"rendered":"<p><P>Tu t&#8217;es d\u00e9j\u00e0 promen\u00e9 avec un tel crochet ? La boule passe \u00e0 travers le sphincter et s&#8217;y enclenche de mani\u00e8re \u00e0 ce que la tige entre les jambes soit dirig\u00e9e vers l&#8217;avant. Si tu laisses l&#8217;extr\u00e9mit\u00e9 de la barre pointer discr\u00e8tement vers l&#8217;avant, par exemple entre les boutons de ton jean, on peut attacher une laisse ou un autre harnais \u00e0 l&#8217;\u0153illet et te guider ainsi dans le quartier.<\/P><\/p>\n<p><P>Cela marche particuli\u00e8rement bien lors de la CSD ou d&#8217;autres d\u00e9fil\u00e9s. Celui qui te guide a le contr\u00f4le absolu de l&#8217;endroit o\u00f9 tu marches. Si tu n&#8217;es pas d&#8217;accord, il suffit d&#8217;une petite secousse sur la laisse pour te remettre sur les rails.<\/P><br \/>\n<P>Cet objet g\u00e9nial est enti\u00e8rement en acier inox et p\u00e8se pr\u00e8s de 500 grammes. La boule de 3 cm de diam\u00e8tre est d\u00e9vissable et l&#8217;ensemble mesure environ 40 cm de long. Lors des jeux de ligotage, le crochet de guidage se transforme en crochet de bondage et veille \u00e0 ce que tu ne r\u00e9sistes pas trop au traitement\u2026<\/P><\/p>\n","protected":false},"excerpt":{"rendered":"<h4>Gamme de anale en inox<\/h4>\n<p><P>Cet objet g\u00e9nial est enti\u00e8rement en acier inox et p\u00e8se pr\u00e8s de 500 grammes. La boule de 3 cm de diam\u00e8tre est d\u00e9vissable et l&#8217;ensemble mesure environ 40 cm de long. Lors des jeux de ligotage, le crochet de guidage se transforme en crochet de bondage et veille \u00e0 ce que tu ne r\u00e9sistes pas trop au traitement\u2026<\/P><\/p>\n","protected":false},"featured_media":26900,"comment_status":"open","ping_status":"closed","template":"","meta":[],"product_brand":[],"product_cat":[686,690,692,712],"product_tag":[],"class_list":{"0":"post-26916","1":"product","2":"type-product","3":"status-publish","4":"has-post-thumbnail","6":"product_cat-plugs-fr","7":"product_cat-bondage-fr","8":"product_cat-menottes","9":"product_cat-pet-play-fr","10":"product_shipping_class-colis-fr","12":"first","13":"instock","14":"taxable","15":"shipping-taxable","16":"purchasable","17":"product-type-simple"},"_links":{"self":[{"href":"https:\/\/www.hml-fetish.de\/shop\/fr\/wp-json\/wp\/v2\/product\/26916","targetHints":{"allow":["GET"]}}],"collection":[{"href":"https:\/\/www.hml-fetish.de\/shop\/fr\/wp-json\/wp\/v2\/product"}],"about":[{"href":"https:\/\/www.hml-fetish.de\/shop\/fr\/wp-json\/wp\/v2\/types\/product"}],"replies":[{"embeddable":true,"href":"https:\/\/www.hml-fetish.de\/shop\/fr\/wp-json\/wp\/v2\/comments?post=26916"}],"version-history":[{"count":0,"href":"https:\/\/www.hml-fetish.de\/shop\/fr\/wp-json\/wp\/v2\/product\/26916\/revisions"}],"wp:featuredmedia":[{"embeddable":true,"href":"https:\/\/www.hml-fetish.de\/shop\/fr\/wp-json\/wp\/v2\/media\/26900"}],"wp:attachment":[{"href":"https:\/\/www.hml-fetish.de\/shop\/fr\/wp-json\/wp\/v2\/media?parent=26916"}],"wp:term":[{"taxonomy":"product_brand","embeddable":true,"href":"https:\/\/www.hml-fetish.de\/shop\/fr\/wp-json\/wp\/v2\/product_brand?post=26916"},{"taxonomy":"product_cat","embeddable":true,"href":"https:\/\/www.hml-fetish.de\/shop\/fr\/wp-json\/wp\/v2\/product_cat?post=26916"},{"taxonomy":"product_tag","embeddable":true,"href":"https:\/\/www.hml-fetish.de\/shop\/fr\/wp-json\/wp\/v2\/product_tag?post=26916"}],"curies":[{"name":"wp","href":"https:\/\/api.w.org\/{rel}","templated":true}]}}