{"id":26894,"date":"2022-01-23T22:45:48","date_gmt":"2022-01-23T21:45:48","guid":{"rendered":"https:\/\/www.hml-fetish.de\/shop\/autocollant-110-x-74-mm\/"},"modified":"2022-01-23T22:45:48","modified_gmt":"2022-01-23T21:45:48","slug":"autocollant-110-x-74-mm","status":"publish","type":"product","link":"https:\/\/www.hml-fetish.de\/shop\/fr\/autocollant-110-x-74-mm\/","title":{"rendered":"Autocollant 110 x 74 mm"},"content":{"rendered":"<p><P>Cet autocollant de forme rectangulaire est un standard courant depuis de nombreuses ann\u00e9es. Tu peux le placer partout, de ta valise \u00e0 ton frigo en passant par ton \u00e9cran. Nous l&#8217;avons dans notre programme en tant qu&#8217;autocollant pour la Gay Pride et la Leather Pride. Nos autocollants sont r\u00e9sistants aux intemp\u00e9ries et \u00e0 la lumi\u00e8re, ce qui signifie qu&#8217;ils ne se d\u00e9colorent pas, m\u00eame apr\u00e8s des ann\u00e9es au soleil!<\/P><\/p>\n","protected":false},"excerpt":{"rendered":"<h4>Autocollant 110 x 74 mm<\/h4>\n<p><P>Cet autocollant de forme rectangulaire est un standard courant depuis de nombreuses ann\u00e9es. Tu peux le placer partout, de ta valise \u00e0 ton frigo en passant par ton \u00e9cran. Nous l&#8217;avons dans notre programme en tant qu&#8217;autocollant pour la Gay Pride et la Leather Pride. Nos autocollants sont r\u00e9sistants aux intemp\u00e9ries et \u00e0 la lumi\u00e8re, ce qui signifie qu&#8217;ils ne se d\u00e9colorent pas, m\u00eame apr\u00e8s des ann\u00e9es au soleil!<\/P><\/p>\n","protected":false},"featured_media":26883,"comment_status":"open","ping_status":"closed","template":"","meta":[],"product_brand":[],"product_cat":[721],"product_tag":[],"class_list":{"0":"post-26894","1":"product","2":"type-product","3":"status-publish","4":"has-post-thumbnail","6":"product_cat-gay-pride-fr","7":"product_shipping_class-lettre","9":"first","10":"instock","11":"taxable","12":"shipping-taxable","13":"purchasable","14":"product-type-variable"},"_links":{"self":[{"href":"https:\/\/www.hml-fetish.de\/shop\/fr\/wp-json\/wp\/v2\/product\/26894","targetHints":{"allow":["GET"]}}],"collection":[{"href":"https:\/\/www.hml-fetish.de\/shop\/fr\/wp-json\/wp\/v2\/product"}],"about":[{"href":"https:\/\/www.hml-fetish.de\/shop\/fr\/wp-json\/wp\/v2\/types\/product"}],"replies":[{"embeddable":true,"href":"https:\/\/www.hml-fetish.de\/shop\/fr\/wp-json\/wp\/v2\/comments?post=26894"}],"version-history":[{"count":0,"href":"https:\/\/www.hml-fetish.de\/shop\/fr\/wp-json\/wp\/v2\/product\/26894\/revisions"}],"wp:featuredmedia":[{"embeddable":true,"href":"https:\/\/www.hml-fetish.de\/shop\/fr\/wp-json\/wp\/v2\/media\/26883"}],"wp:attachment":[{"href":"https:\/\/www.hml-fetish.de\/shop\/fr\/wp-json\/wp\/v2\/media?parent=26894"}],"wp:term":[{"taxonomy":"product_brand","embeddable":true,"href":"https:\/\/www.hml-fetish.de\/shop\/fr\/wp-json\/wp\/v2\/product_brand?post=26894"},{"taxonomy":"product_cat","embeddable":true,"href":"https:\/\/www.hml-fetish.de\/shop\/fr\/wp-json\/wp\/v2\/product_cat?post=26894"},{"taxonomy":"product_tag","embeddable":true,"href":"https:\/\/www.hml-fetish.de\/shop\/fr\/wp-json\/wp\/v2\/product_tag?post=26894"}],"curies":[{"name":"wp","href":"https:\/\/api.w.org\/{rel}","templated":true}]}}