{"id":26855,"date":"2022-01-23T22:45:49","date_gmt":"2022-01-23T21:45:49","guid":{"rendered":"https:\/\/www.hml-fetish.de\/shop\/autocollant-128-x-72-mm\/"},"modified":"2022-01-23T22:45:49","modified_gmt":"2022-01-23T21:45:49","slug":"autocollant-128-x-72-mm","status":"publish","type":"product","link":"https:\/\/www.hml-fetish.de\/shop\/fr\/autocollant-128-x-72-mm\/","title":{"rendered":"Autocollant 128 x 72 mm"},"content":{"rendered":"<p><P>Un autocollant brandi comme un drapeau. Il s&#8217;agit d&#8217;un mod\u00e8le un peu plus grand, qui convient bien pour les portes d&#8217;entr\u00e9e ou les hayons de voiture. Nous avons cet autocollant dans notre programme en tant que Gay Pride, Leather Pride et Bear Pride. Nos autocollants sont r\u00e9sistants aux intemp\u00e9ries et \u00e0 la lumi\u00e8re, ce qui signifie qu&#8217;ils ne se d\u00e9colorent pas apr\u00e8s des ann\u00e9es d&#8217;exposition au soleil!<\/P><\/p>\n","protected":false},"excerpt":{"rendered":"<h4>Autocollant 128 x 72 mm<\/h4>\n<p><P>Un autocollant brandi comme un drapeau. Il s&#8217;agit d&#8217;un mod\u00e8le un peu plus grand, qui convient bien pour les portes d&#8217;entr\u00e9e ou les hayons de voiture. Nous avons cet autocollant dans notre programme en tant que Gay Pride, Leather Pride et Bear Pride. Nos autocollants sont r\u00e9sistants aux intemp\u00e9ries et \u00e0 la lumi\u00e8re, ce qui signifie qu&#8217;ils ne se d\u00e9colorent pas apr\u00e8s des ann\u00e9es d&#8217;exposition au soleil!<\/P><\/p>\n","protected":false},"featured_media":26830,"comment_status":"open","ping_status":"closed","template":"","meta":[],"product_brand":[],"product_cat":[721],"product_tag":[],"class_list":{"0":"post-26855","1":"product","2":"type-product","3":"status-publish","4":"has-post-thumbnail","6":"product_cat-gay-pride-fr","7":"product_shipping_class-lettre","9":"first","10":"instock","11":"taxable","12":"shipping-taxable","13":"purchasable","14":"product-type-variable"},"_links":{"self":[{"href":"https:\/\/www.hml-fetish.de\/shop\/fr\/wp-json\/wp\/v2\/product\/26855","targetHints":{"allow":["GET"]}}],"collection":[{"href":"https:\/\/www.hml-fetish.de\/shop\/fr\/wp-json\/wp\/v2\/product"}],"about":[{"href":"https:\/\/www.hml-fetish.de\/shop\/fr\/wp-json\/wp\/v2\/types\/product"}],"replies":[{"embeddable":true,"href":"https:\/\/www.hml-fetish.de\/shop\/fr\/wp-json\/wp\/v2\/comments?post=26855"}],"version-history":[{"count":0,"href":"https:\/\/www.hml-fetish.de\/shop\/fr\/wp-json\/wp\/v2\/product\/26855\/revisions"}],"wp:featuredmedia":[{"embeddable":true,"href":"https:\/\/www.hml-fetish.de\/shop\/fr\/wp-json\/wp\/v2\/media\/26830"}],"wp:attachment":[{"href":"https:\/\/www.hml-fetish.de\/shop\/fr\/wp-json\/wp\/v2\/media?parent=26855"}],"wp:term":[{"taxonomy":"product_brand","embeddable":true,"href":"https:\/\/www.hml-fetish.de\/shop\/fr\/wp-json\/wp\/v2\/product_brand?post=26855"},{"taxonomy":"product_cat","embeddable":true,"href":"https:\/\/www.hml-fetish.de\/shop\/fr\/wp-json\/wp\/v2\/product_cat?post=26855"},{"taxonomy":"product_tag","embeddable":true,"href":"https:\/\/www.hml-fetish.de\/shop\/fr\/wp-json\/wp\/v2\/product_tag?post=26855"}],"curies":[{"name":"wp","href":"https:\/\/api.w.org\/{rel}","templated":true}]}}