{"id":26826,"date":"2022-01-23T22:45:50","date_gmt":"2022-01-23T21:45:50","guid":{"rendered":"https:\/\/www.hml-fetish.de\/shop\/autocollant-de-carte-postale-150-x-100-mm\/"},"modified":"2022-01-23T22:45:50","modified_gmt":"2022-01-23T21:45:50","slug":"autocollant-de-carte-postale-150-x-100-mm","status":"publish","type":"product","link":"https:\/\/www.hml-fetish.de\/shop\/fr\/autocollant-de-carte-postale-150-x-100-mm\/","title":{"rendered":"Autocollant de carte postale 150 x 100 mm"},"content":{"rendered":"<p><P>Tu peux envoyer cet autocollant sous forme de carte postale. L&#8217;autocollant Gay Pride sur la carte postale mesure environ 120 x 80 mm lorsque tu le d\u00e9taches. Nos autocollants sont r\u00e9sistants aux intemp\u00e9ries et \u00e0 la lumi\u00e8re, ce qui signifie qu&#8217;ils ne se d\u00e9colorent pas apr\u00e8s des ann\u00e9es d&#8217;exposition au soleil!<\/P><\/p>\n","protected":false},"excerpt":{"rendered":"<h4>Autocollant de carte postale 150 x 100 mm<\/h4>\n<p><P>Tu peux envoyer cet autocollant sous forme de carte postale. L&#8217;autocollant Gay Pride sur la carte postale mesure environ 120 x 80 mm lorsque tu le d\u00e9taches. Nos autocollants sont r\u00e9sistants aux intemp\u00e9ries et \u00e0 la lumi\u00e8re, ce qui signifie qu&#8217;ils ne se d\u00e9colorent pas apr\u00e8s des ann\u00e9es d&#8217;exposition au soleil!<\/P><\/p>\n","protected":false},"featured_media":26821,"comment_status":"open","ping_status":"closed","template":"","meta":[],"product_brand":[],"product_cat":[718,721],"product_tag":[],"class_list":{"0":"post-26826","1":"product","2":"type-product","3":"status-publish","4":"has-post-thumbnail","6":"product_cat-cartes","7":"product_cat-gay-pride-fr","8":"product_shipping_class-lettre","10":"first","11":"instock","12":"taxable","13":"shipping-taxable","14":"purchasable","15":"product-type-simple"},"_links":{"self":[{"href":"https:\/\/www.hml-fetish.de\/shop\/fr\/wp-json\/wp\/v2\/product\/26826","targetHints":{"allow":["GET"]}}],"collection":[{"href":"https:\/\/www.hml-fetish.de\/shop\/fr\/wp-json\/wp\/v2\/product"}],"about":[{"href":"https:\/\/www.hml-fetish.de\/shop\/fr\/wp-json\/wp\/v2\/types\/product"}],"replies":[{"embeddable":true,"href":"https:\/\/www.hml-fetish.de\/shop\/fr\/wp-json\/wp\/v2\/comments?post=26826"}],"version-history":[{"count":0,"href":"https:\/\/www.hml-fetish.de\/shop\/fr\/wp-json\/wp\/v2\/product\/26826\/revisions"}],"wp:featuredmedia":[{"embeddable":true,"href":"https:\/\/www.hml-fetish.de\/shop\/fr\/wp-json\/wp\/v2\/media\/26821"}],"wp:attachment":[{"href":"https:\/\/www.hml-fetish.de\/shop\/fr\/wp-json\/wp\/v2\/media?parent=26826"}],"wp:term":[{"taxonomy":"product_brand","embeddable":true,"href":"https:\/\/www.hml-fetish.de\/shop\/fr\/wp-json\/wp\/v2\/product_brand?post=26826"},{"taxonomy":"product_cat","embeddable":true,"href":"https:\/\/www.hml-fetish.de\/shop\/fr\/wp-json\/wp\/v2\/product_cat?post=26826"},{"taxonomy":"product_tag","embeddable":true,"href":"https:\/\/www.hml-fetish.de\/shop\/fr\/wp-json\/wp\/v2\/product_tag?post=26826"}],"curies":[{"name":"wp","href":"https:\/\/api.w.org\/{rel}","templated":true}]}}