{"id":26816,"date":"2022-01-23T22:45:50","date_gmt":"2022-01-23T21:45:50","guid":{"rendered":"https:\/\/www.hml-fetish.de\/shop\/autocollant-static-88-x-55-mm\/"},"modified":"2022-01-23T22:45:50","modified_gmt":"2022-01-23T21:45:50","slug":"autocollant-static-88-x-55-mm","status":"publish","type":"product","link":"https:\/\/www.hml-fetish.de\/shop\/fr\/autocollant-static-88-x-55-mm\/","title":{"rendered":"Autocollant Static 88 x 55 mm"},"content":{"rendered":"<p><P>Cet autocollant est imprim\u00e9 en miroir et est autocollant sur le verre. Il est destin\u00e9 \u00e0 \u00eatre coll\u00e9 de l&#8217;int\u00e9rieur contre une vitre, par exemple la vitre arri\u00e8re de ta voiture. Nous avons ce sticker dans notre programme en tant que sticker Gay Pride et Leather Pride. Nos autocollants sont r\u00e9sistants aux intemp\u00e9ries et \u00e0 la lumi\u00e8re, ce qui signifie qu&#8217;ils ne se d\u00e9colorent pas, m\u00eame apr\u00e8s des ann\u00e9es pass\u00e9es au soleil!<\/P><\/p>\n","protected":false},"excerpt":{"rendered":"<h4>Autocollant Static 88 x 55 mm<\/h4>\n<p><P>Cet autocollant est imprim\u00e9 en miroir et est autocollant sur le verre. Il est destin\u00e9 \u00e0 \u00eatre coll\u00e9 de l&#8217;int\u00e9rieur contre une vitre, par exemple la vitre arri\u00e8re de ta voiture.<\/P><\/p>\n","protected":false},"featured_media":26803,"comment_status":"open","ping_status":"closed","template":"","meta":[],"product_brand":[],"product_cat":[721],"product_tag":[],"class_list":{"0":"post-26816","1":"product","2":"type-product","3":"status-publish","4":"has-post-thumbnail","6":"product_cat-gay-pride-fr","7":"product_shipping_class-lettre","9":"first","10":"instock","11":"taxable","12":"shipping-taxable","13":"purchasable","14":"product-type-variable"},"_links":{"self":[{"href":"https:\/\/www.hml-fetish.de\/shop\/fr\/wp-json\/wp\/v2\/product\/26816","targetHints":{"allow":["GET"]}}],"collection":[{"href":"https:\/\/www.hml-fetish.de\/shop\/fr\/wp-json\/wp\/v2\/product"}],"about":[{"href":"https:\/\/www.hml-fetish.de\/shop\/fr\/wp-json\/wp\/v2\/types\/product"}],"replies":[{"embeddable":true,"href":"https:\/\/www.hml-fetish.de\/shop\/fr\/wp-json\/wp\/v2\/comments?post=26816"}],"version-history":[{"count":0,"href":"https:\/\/www.hml-fetish.de\/shop\/fr\/wp-json\/wp\/v2\/product\/26816\/revisions"}],"wp:featuredmedia":[{"embeddable":true,"href":"https:\/\/www.hml-fetish.de\/shop\/fr\/wp-json\/wp\/v2\/media\/26803"}],"wp:attachment":[{"href":"https:\/\/www.hml-fetish.de\/shop\/fr\/wp-json\/wp\/v2\/media?parent=26816"}],"wp:term":[{"taxonomy":"product_brand","embeddable":true,"href":"https:\/\/www.hml-fetish.de\/shop\/fr\/wp-json\/wp\/v2\/product_brand?post=26816"},{"taxonomy":"product_cat","embeddable":true,"href":"https:\/\/www.hml-fetish.de\/shop\/fr\/wp-json\/wp\/v2\/product_cat?post=26816"},{"taxonomy":"product_tag","embeddable":true,"href":"https:\/\/www.hml-fetish.de\/shop\/fr\/wp-json\/wp\/v2\/product_tag?post=26816"}],"curies":[{"name":"wp","href":"https:\/\/api.w.org\/{rel}","templated":true}]}}