{"id":26799,"date":"2022-01-23T22:45:50","date_gmt":"2022-01-23T21:45:50","guid":{"rendered":"https:\/\/www.hml-fetish.de\/shop\/autocollant-gay-pride-700-x-15-mm\/"},"modified":"2022-01-23T22:45:50","modified_gmt":"2022-01-23T21:45:50","slug":"autocollant-gay-pride-700-x-15-mm","status":"publish","type":"product","link":"https:\/\/www.hml-fetish.de\/shop\/fr\/autocollant-gay-pride-700-x-15-mm\/","title":{"rendered":"Autocollant gay-pride 700 x 15 mm"},"content":{"rendered":"<p><P>Cet autocollant est imprim\u00e9 sous forme de longue bande et convient parfaitement pour attirer discr\u00e8tement l&#8217;attention au-dessus ou en dessous de la plaque d&#8217;immatriculation de ta voiture. Nos autocollants sont r\u00e9sistants aux intemp\u00e9ries et \u00e0 la lumi\u00e8re, c&#8217;est-\u00e0-dire qu&#8217;ils ne se d\u00e9colorent pas, m\u00eame apr\u00e8s des ann\u00e9es d&#8217;exposition au soleil!<\/P><\/p>\n","protected":false},"excerpt":{"rendered":"<h4>Autocollant gay-pride 700 x 15 mm<\/h4>\n<p><P>Cet autocollant est imprim\u00e9 sous forme de longue bande et convient parfaitement pour attirer discr\u00e8tement l&#8217;attention au-dessus ou en dessous de la plaque d&#8217;immatriculation de ta voiture. Nos autocollants sont r\u00e9sistants aux intemp\u00e9ries et \u00e0 la lumi\u00e8re, c&#8217;est-\u00e0-dire qu&#8217;ils ne se d\u00e9colorent pas, m\u00eame apr\u00e8s des ann\u00e9es d&#8217;exposition au soleil!<\/P><\/p>\n","protected":false},"featured_media":26795,"comment_status":"open","ping_status":"closed","template":"","meta":[],"product_brand":[],"product_cat":[721],"product_tag":[],"class_list":{"0":"post-26799","1":"product","2":"type-product","3":"status-publish","4":"has-post-thumbnail","6":"product_cat-gay-pride-fr","7":"product_shipping_class-lettre","9":"first","10":"instock","11":"taxable","12":"shipping-taxable","13":"purchasable","14":"product-type-simple"},"_links":{"self":[{"href":"https:\/\/www.hml-fetish.de\/shop\/fr\/wp-json\/wp\/v2\/product\/26799","targetHints":{"allow":["GET"]}}],"collection":[{"href":"https:\/\/www.hml-fetish.de\/shop\/fr\/wp-json\/wp\/v2\/product"}],"about":[{"href":"https:\/\/www.hml-fetish.de\/shop\/fr\/wp-json\/wp\/v2\/types\/product"}],"replies":[{"embeddable":true,"href":"https:\/\/www.hml-fetish.de\/shop\/fr\/wp-json\/wp\/v2\/comments?post=26799"}],"version-history":[{"count":0,"href":"https:\/\/www.hml-fetish.de\/shop\/fr\/wp-json\/wp\/v2\/product\/26799\/revisions"}],"wp:featuredmedia":[{"embeddable":true,"href":"https:\/\/www.hml-fetish.de\/shop\/fr\/wp-json\/wp\/v2\/media\/26795"}],"wp:attachment":[{"href":"https:\/\/www.hml-fetish.de\/shop\/fr\/wp-json\/wp\/v2\/media?parent=26799"}],"wp:term":[{"taxonomy":"product_brand","embeddable":true,"href":"https:\/\/www.hml-fetish.de\/shop\/fr\/wp-json\/wp\/v2\/product_brand?post=26799"},{"taxonomy":"product_cat","embeddable":true,"href":"https:\/\/www.hml-fetish.de\/shop\/fr\/wp-json\/wp\/v2\/product_cat?post=26799"},{"taxonomy":"product_tag","embeddable":true,"href":"https:\/\/www.hml-fetish.de\/shop\/fr\/wp-json\/wp\/v2\/product_tag?post=26799"}],"curies":[{"name":"wp","href":"https:\/\/api.w.org\/{rel}","templated":true}]}}