{"id":26791,"date":"2022-01-23T22:45:50","date_gmt":"2022-01-23T21:45:50","guid":{"rendered":"https:\/\/www.hml-fetish.de\/shop\/autocollant-gay-pride-102-x-16-mm\/"},"modified":"2022-01-23T22:45:50","modified_gmt":"2022-01-23T21:45:50","slug":"autocollant-gay-pride-102-x-16-mm","status":"publish","type":"product","link":"https:\/\/www.hml-fetish.de\/shop\/fr\/autocollant-gay-pride-102-x-16-mm\/","title":{"rendered":"Autocollant Gay Pride 102 x 16 mm"},"content":{"rendered":"<p><P>Sa forme longiline se pr\u00eate a tous endroits, que ce soit ton frigo, to scooter ou ta voiture. R\u00e9sistant aux intemp\u00e9ries autant qu&#8217;aux rayons UV il gardera ses couleurs pendant des ann\u00e9es.<\/P><\/p>\n","protected":false},"excerpt":{"rendered":"<h4>Autocollant Gay Pride 102 x 16 mm<\/h4>\n<p><P>Sa forme longiline se pr\u00eate a tous endroits, que ce soit ton frigo, to scooter ou ta voiture. R\u00e9sistant aux intemp\u00e9ries autant qu&#8217;aux rayons UV il gardera ses couleurs pendant des ann\u00e9es.<\/P><\/p>\n","protected":false},"featured_media":26788,"comment_status":"open","ping_status":"closed","template":"","meta":[],"product_brand":[],"product_cat":[721],"product_tag":[],"class_list":{"0":"post-26791","1":"product","2":"type-product","3":"status-publish","4":"has-post-thumbnail","6":"product_cat-gay-pride-fr","7":"product_shipping_class-lettre","9":"first","10":"instock","11":"taxable","12":"shipping-taxable","13":"purchasable","14":"product-type-simple"},"_links":{"self":[{"href":"https:\/\/www.hml-fetish.de\/shop\/fr\/wp-json\/wp\/v2\/product\/26791","targetHints":{"allow":["GET"]}}],"collection":[{"href":"https:\/\/www.hml-fetish.de\/shop\/fr\/wp-json\/wp\/v2\/product"}],"about":[{"href":"https:\/\/www.hml-fetish.de\/shop\/fr\/wp-json\/wp\/v2\/types\/product"}],"replies":[{"embeddable":true,"href":"https:\/\/www.hml-fetish.de\/shop\/fr\/wp-json\/wp\/v2\/comments?post=26791"}],"version-history":[{"count":0,"href":"https:\/\/www.hml-fetish.de\/shop\/fr\/wp-json\/wp\/v2\/product\/26791\/revisions"}],"wp:featuredmedia":[{"embeddable":true,"href":"https:\/\/www.hml-fetish.de\/shop\/fr\/wp-json\/wp\/v2\/media\/26788"}],"wp:attachment":[{"href":"https:\/\/www.hml-fetish.de\/shop\/fr\/wp-json\/wp\/v2\/media?parent=26791"}],"wp:term":[{"taxonomy":"product_brand","embeddable":true,"href":"https:\/\/www.hml-fetish.de\/shop\/fr\/wp-json\/wp\/v2\/product_brand?post=26791"},{"taxonomy":"product_cat","embeddable":true,"href":"https:\/\/www.hml-fetish.de\/shop\/fr\/wp-json\/wp\/v2\/product_cat?post=26791"},{"taxonomy":"product_tag","embeddable":true,"href":"https:\/\/www.hml-fetish.de\/shop\/fr\/wp-json\/wp\/v2\/product_tag?post=26791"}],"curies":[{"name":"wp","href":"https:\/\/api.w.org\/{rel}","templated":true}]}}