{"id":26784,"date":"2022-01-23T22:45:51","date_gmt":"2022-01-23T21:45:51","guid":{"rendered":"https:\/\/www.hml-fetish.de\/shop\/autocollant-avec-patte\/"},"modified":"2022-01-23T22:45:51","modified_gmt":"2022-01-23T21:45:51","slug":"autocollant-avec-patte","status":"publish","type":"product","link":"https:\/\/www.hml-fetish.de\/shop\/fr\/autocollant-avec-patte\/","title":{"rendered":"Autocollant avec patte 120 x 80 mm"},"content":{"rendered":"<p><P>Cet autocollant Gay Pride a en plus une patte d&#8217;ours imprim\u00e9e et est destin\u00e9 aux types un peu plus barbus et poilus. Nos autocollants sont r\u00e9sistants aux intemp\u00e9ries et \u00e0 la lumi\u00e8re, ce qui signifie qu&#8217;ils ne se d\u00e9colorent pas, m\u00eame apr\u00e8s des ann\u00e9es au soleil!<\/P><\/p>\n","protected":false},"excerpt":{"rendered":"<h4>Autocollant avec patte 120 x 80 mm<\/h4>\n<p><P>Cet autocollant Gay Pride a en plus une patte d&#8217;ours imprim\u00e9e et est destin\u00e9 aux types un peu plus barbus et poilus. Nos autocollants sont r\u00e9sistants aux intemp\u00e9ries et \u00e0 la lumi\u00e8re, ce qui signifie qu&#8217;ils ne se d\u00e9colorent pas, m\u00eame apr\u00e8s des ann\u00e9es au soleil!<\/P><\/p>\n","protected":false},"featured_media":26781,"comment_status":"open","ping_status":"closed","template":"","meta":[],"product_brand":[],"product_cat":[721],"product_tag":[4394],"class_list":{"0":"post-26784","1":"product","2":"type-product","3":"status-publish","4":"has-post-thumbnail","6":"product_cat-gay-pride-fr","7":"product_tag-bestseller-accessoires","8":"product_shipping_class-lettre","10":"first","11":"instock","12":"taxable","13":"shipping-taxable","14":"purchasable","15":"product-type-simple"},"_links":{"self":[{"href":"https:\/\/www.hml-fetish.de\/shop\/fr\/wp-json\/wp\/v2\/product\/26784","targetHints":{"allow":["GET"]}}],"collection":[{"href":"https:\/\/www.hml-fetish.de\/shop\/fr\/wp-json\/wp\/v2\/product"}],"about":[{"href":"https:\/\/www.hml-fetish.de\/shop\/fr\/wp-json\/wp\/v2\/types\/product"}],"replies":[{"embeddable":true,"href":"https:\/\/www.hml-fetish.de\/shop\/fr\/wp-json\/wp\/v2\/comments?post=26784"}],"version-history":[{"count":0,"href":"https:\/\/www.hml-fetish.de\/shop\/fr\/wp-json\/wp\/v2\/product\/26784\/revisions"}],"wp:featuredmedia":[{"embeddable":true,"href":"https:\/\/www.hml-fetish.de\/shop\/fr\/wp-json\/wp\/v2\/media\/26781"}],"wp:attachment":[{"href":"https:\/\/www.hml-fetish.de\/shop\/fr\/wp-json\/wp\/v2\/media?parent=26784"}],"wp:term":[{"taxonomy":"product_brand","embeddable":true,"href":"https:\/\/www.hml-fetish.de\/shop\/fr\/wp-json\/wp\/v2\/product_brand?post=26784"},{"taxonomy":"product_cat","embeddable":true,"href":"https:\/\/www.hml-fetish.de\/shop\/fr\/wp-json\/wp\/v2\/product_cat?post=26784"},{"taxonomy":"product_tag","embeddable":true,"href":"https:\/\/www.hml-fetish.de\/shop\/fr\/wp-json\/wp\/v2\/product_tag?post=26784"}],"curies":[{"name":"wp","href":"https:\/\/api.w.org\/{rel}","templated":true}]}}