{"id":26777,"date":"2022-01-23T22:45:51","date_gmt":"2022-01-23T21:45:51","guid":{"rendered":"https:\/\/www.hml-fetish.de\/shop\/autocollant-leather-bear\/"},"modified":"2022-01-23T22:45:51","modified_gmt":"2022-01-23T21:45:51","slug":"autocollant-leather-bear","status":"publish","type":"product","link":"https:\/\/www.hml-fetish.de\/shop\/fr\/autocollant-leather-bear\/","title":{"rendered":"Autocollant Leather Bear 90 x 100 mm"},"content":{"rendered":"<p><P>Cet autocollant s&#8217;adresse particuli\u00e8rement \u00e0 ceux qui aiment le cuir et aux types un peu plus barbus et poilus. Nos autocollants sont r\u00e9sistants aux intemp\u00e9ries et \u00e0 la lumi\u00e8re, ce qui signifie qu&#8217;ils ne se d\u00e9colorent pas, m\u00eame apr\u00e8s des ann\u00e9es d&#8217;exposition au soleil!<\/P><\/p>\n","protected":false},"excerpt":{"rendered":"<h4>Autocollant Leather Bear 90 x 100 mm<\/h4>\n<p><P>Cet autocollant s&#8217;adresse particuli\u00e8rement \u00e0 ceux qui aiment le cuir et aux types un peu plus barbus et poilus. Nos autocollants sont r\u00e9sistants aux intemp\u00e9ries et \u00e0 la lumi\u00e8re, ce qui signifie qu&#8217;ils ne se d\u00e9colorent pas, m\u00eame apr\u00e8s des ann\u00e9es d&#8217;exposition au soleil!<\/P><\/p>\n","protected":false},"featured_media":26773,"comment_status":"open","ping_status":"closed","template":"","meta":[],"product_brand":[],"product_cat":[721],"product_tag":[],"class_list":{"0":"post-26777","1":"product","2":"type-product","3":"status-publish","4":"has-post-thumbnail","6":"product_cat-gay-pride-fr","7":"product_shipping_class-lettre","9":"first","10":"instock","11":"taxable","12":"shipping-taxable","13":"purchasable","14":"product-type-simple"},"_links":{"self":[{"href":"https:\/\/www.hml-fetish.de\/shop\/fr\/wp-json\/wp\/v2\/product\/26777","targetHints":{"allow":["GET"]}}],"collection":[{"href":"https:\/\/www.hml-fetish.de\/shop\/fr\/wp-json\/wp\/v2\/product"}],"about":[{"href":"https:\/\/www.hml-fetish.de\/shop\/fr\/wp-json\/wp\/v2\/types\/product"}],"replies":[{"embeddable":true,"href":"https:\/\/www.hml-fetish.de\/shop\/fr\/wp-json\/wp\/v2\/comments?post=26777"}],"version-history":[{"count":0,"href":"https:\/\/www.hml-fetish.de\/shop\/fr\/wp-json\/wp\/v2\/product\/26777\/revisions"}],"wp:featuredmedia":[{"embeddable":true,"href":"https:\/\/www.hml-fetish.de\/shop\/fr\/wp-json\/wp\/v2\/media\/26773"}],"wp:attachment":[{"href":"https:\/\/www.hml-fetish.de\/shop\/fr\/wp-json\/wp\/v2\/media?parent=26777"}],"wp:term":[{"taxonomy":"product_brand","embeddable":true,"href":"https:\/\/www.hml-fetish.de\/shop\/fr\/wp-json\/wp\/v2\/product_brand?post=26777"},{"taxonomy":"product_cat","embeddable":true,"href":"https:\/\/www.hml-fetish.de\/shop\/fr\/wp-json\/wp\/v2\/product_cat?post=26777"},{"taxonomy":"product_tag","embeddable":true,"href":"https:\/\/www.hml-fetish.de\/shop\/fr\/wp-json\/wp\/v2\/product_tag?post=26777"}],"curies":[{"name":"wp","href":"https:\/\/api.w.org\/{rel}","templated":true}]}}