{"id":26770,"date":"2022-01-23T22:45:51","date_gmt":"2022-01-23T21:45:51","guid":{"rendered":"https:\/\/www.hml-fetish.de\/shop\/autocollant-m4m\/"},"modified":"2022-01-23T22:45:51","modified_gmt":"2022-01-23T21:45:51","slug":"autocollant-m4m","status":"publish","type":"product","link":"https:\/\/www.hml-fetish.de\/shop\/fr\/autocollant-m4m\/","title":{"rendered":"Autocollant M4M"},"content":{"rendered":"<p><P>Cet autocollant de 95 mm x 65 mm sera du plus bel effet sur ta voiture ou ta moto, \u00e0 c\u00f4t\u00e9 de la plaque d&#8217;immatriculation du pays. Dans les pays anglophones, c&#8217;est un message clair comme de l&#8217;eau de roche, mais ici aussi, il est difficile de se m\u00e9prendre. Nos autocollants sont r\u00e9sistants aux intemp\u00e9ries et \u00e0 la lumi\u00e8re, ce qui signifie qu&#8217;ils ne se d\u00e9colorent pas, m\u00eame apr\u00e8s des ann\u00e9es au soleil!<\/P><\/p>\n","protected":false},"excerpt":{"rendered":"<h4>Autocollant M4M<\/h4>\n<p><P>Cet autocollant de 95 mm x 65 mm sera du plus bel effet sur ta voiture ou ta moto, \u00e0 c\u00f4t\u00e9 de la plaque d&#8217;immatriculation du pays. Dans les pays anglophones, c&#8217;est un message clair comme de l&#8217;eau de roche, mais ici aussi, il est difficile de se m\u00e9prendre. Nos autocollants sont r\u00e9sistants aux intemp\u00e9ries et \u00e0 la lumi\u00e8re, ce qui signifie qu&#8217;ils ne se d\u00e9colorent pas, m\u00eame apr\u00e8s des ann\u00e9es au soleil!<\/P><\/p>\n","protected":false},"featured_media":26764,"comment_status":"open","ping_status":"closed","template":"","meta":[],"product_brand":[],"product_cat":[732,721],"product_tag":[],"class_list":{"0":"post-26770","1":"product","2":"type-product","3":"status-publish","4":"has-post-thumbnail","6":"product_cat-best-seller","7":"product_cat-gay-pride-fr","8":"product_shipping_class-lettre","10":"first","11":"instock","12":"taxable","13":"shipping-taxable","14":"purchasable","15":"product-type-simple"},"_links":{"self":[{"href":"https:\/\/www.hml-fetish.de\/shop\/fr\/wp-json\/wp\/v2\/product\/26770","targetHints":{"allow":["GET"]}}],"collection":[{"href":"https:\/\/www.hml-fetish.de\/shop\/fr\/wp-json\/wp\/v2\/product"}],"about":[{"href":"https:\/\/www.hml-fetish.de\/shop\/fr\/wp-json\/wp\/v2\/types\/product"}],"replies":[{"embeddable":true,"href":"https:\/\/www.hml-fetish.de\/shop\/fr\/wp-json\/wp\/v2\/comments?post=26770"}],"version-history":[{"count":0,"href":"https:\/\/www.hml-fetish.de\/shop\/fr\/wp-json\/wp\/v2\/product\/26770\/revisions"}],"wp:featuredmedia":[{"embeddable":true,"href":"https:\/\/www.hml-fetish.de\/shop\/fr\/wp-json\/wp\/v2\/media\/26764"}],"wp:attachment":[{"href":"https:\/\/www.hml-fetish.de\/shop\/fr\/wp-json\/wp\/v2\/media?parent=26770"}],"wp:term":[{"taxonomy":"product_brand","embeddable":true,"href":"https:\/\/www.hml-fetish.de\/shop\/fr\/wp-json\/wp\/v2\/product_brand?post=26770"},{"taxonomy":"product_cat","embeddable":true,"href":"https:\/\/www.hml-fetish.de\/shop\/fr\/wp-json\/wp\/v2\/product_cat?post=26770"},{"taxonomy":"product_tag","embeddable":true,"href":"https:\/\/www.hml-fetish.de\/shop\/fr\/wp-json\/wp\/v2\/product_tag?post=26770"}],"curies":[{"name":"wp","href":"https:\/\/api.w.org\/{rel}","templated":true}]}}