{"id":26724,"date":"2022-01-23T22:45:52","date_gmt":"2022-01-23T21:45:52","guid":{"rendered":"https:\/\/www.hml-fetish.de\/shop\/insigne-loss-prevention-officer\/"},"modified":"2022-01-23T22:45:52","modified_gmt":"2022-01-23T21:45:52","slug":"insigne-loss-prevention-officer","status":"publish","type":"product","link":"https:\/\/www.hml-fetish.de\/shop\/fr\/insigne-loss-prevention-officer\/","title":{"rendered":"Insigne Loss Prevention Officer"},"content":{"rendered":"<p><P>L&#8217;\u00e9cusson de poitrine tel qu&#8217;il est typiquement port\u00e9 par les conseillers de la police criminelle aux Etats-Unis. Dimensions : environ 6,5 cm x 8,5 cm. Tu peux \u00e9galement porter une tenue d&#8217;uniforme avec ce patch en public, car il ne repr\u00e9sente pas une autorit\u00e9 particuli\u00e8re.<\/P><\/p>\n","protected":false},"excerpt":{"rendered":"<h4>Insigne Loss Prevention Officer<\/h4>\n<p><P>L&#8217;\u00e9cusson de poitrine tel qu&#8217;il est typiquement port\u00e9 par les conseillers de la police criminelle aux Etats-Unis. Dimensions : environ 6,5 cm x 8,5 cm. Tu peux \u00e9galement porter une tenue d&#8217;uniforme avec ce patch en public, car il ne repr\u00e9sente pas une autorit\u00e9 particuli\u00e8re.<\/P><\/p>\n","protected":false},"featured_media":26720,"comment_status":"open","ping_status":"closed","template":"","meta":[],"product_brand":[],"product_cat":[648],"product_tag":[],"class_list":{"0":"post-26724","1":"product","2":"type-product","3":"status-publish","4":"has-post-thumbnail","6":"product_cat-emblemes","7":"product_shipping_class-lettre","9":"first","10":"instock","11":"taxable","12":"shipping-taxable","13":"purchasable","14":"product-type-simple"},"_links":{"self":[{"href":"https:\/\/www.hml-fetish.de\/shop\/fr\/wp-json\/wp\/v2\/product\/26724","targetHints":{"allow":["GET"]}}],"collection":[{"href":"https:\/\/www.hml-fetish.de\/shop\/fr\/wp-json\/wp\/v2\/product"}],"about":[{"href":"https:\/\/www.hml-fetish.de\/shop\/fr\/wp-json\/wp\/v2\/types\/product"}],"replies":[{"embeddable":true,"href":"https:\/\/www.hml-fetish.de\/shop\/fr\/wp-json\/wp\/v2\/comments?post=26724"}],"version-history":[{"count":0,"href":"https:\/\/www.hml-fetish.de\/shop\/fr\/wp-json\/wp\/v2\/product\/26724\/revisions"}],"wp:featuredmedia":[{"embeddable":true,"href":"https:\/\/www.hml-fetish.de\/shop\/fr\/wp-json\/wp\/v2\/media\/26720"}],"wp:attachment":[{"href":"https:\/\/www.hml-fetish.de\/shop\/fr\/wp-json\/wp\/v2\/media?parent=26724"}],"wp:term":[{"taxonomy":"product_brand","embeddable":true,"href":"https:\/\/www.hml-fetish.de\/shop\/fr\/wp-json\/wp\/v2\/product_brand?post=26724"},{"taxonomy":"product_cat","embeddable":true,"href":"https:\/\/www.hml-fetish.de\/shop\/fr\/wp-json\/wp\/v2\/product_cat?post=26724"},{"taxonomy":"product_tag","embeddable":true,"href":"https:\/\/www.hml-fetish.de\/shop\/fr\/wp-json\/wp\/v2\/product_tag?post=26724"}],"curies":[{"name":"wp","href":"https:\/\/api.w.org\/{rel}","templated":true}]}}