{"id":26717,"date":"2022-01-23T22:45:53","date_gmt":"2022-01-23T21:45:53","guid":{"rendered":"https:\/\/www.hml-fetish.de\/shop\/insigne-fdny\/"},"modified":"2022-01-23T22:45:53","modified_gmt":"2022-01-23T21:45:53","slug":"insigne-fdny","status":"publish","type":"product","link":"https:\/\/www.hml-fetish.de\/shop\/fr\/insigne-fdny\/","title":{"rendered":"Insigne FDNY"},"content":{"rendered":"<p><P>Un \u00e9cusson de manche du Fire Department City of New York (FDNY) comme pi\u00e8ce de collection. 10 cm de large et 12 cm de haut. <B>Toutes les insignes sont des repliques. Pourtant, elles ne dovent pas \u00eatre port\u00e9es en public. Elles ne sont vendues qu&#8217;\u00e0 titre d&#8217;objets de collection!<\/B><\/P><\/p>\n","protected":false},"excerpt":{"rendered":"<h4>Insigne FDNY<\/h4>\n<p><P>Un \u00e9cusson de manche du Fire Department City of New York (FDNY) comme pi\u00e8ce de collection. 10 cm de large et 12 cm de haut. <B>Toutes les insignes sont des repliques. Pourtant, elles ne dovent pas \u00eatre port\u00e9es en public. Elles ne sont vendues qu&#8217;\u00e0 titre d&#8217;objets de collection!<\/B><\/P><\/p>\n","protected":false},"featured_media":26714,"comment_status":"open","ping_status":"closed","template":"","meta":[],"product_brand":[],"product_cat":[648],"product_tag":[],"class_list":{"0":"post-26717","1":"product","2":"type-product","3":"status-publish","4":"has-post-thumbnail","6":"product_cat-emblemes","7":"product_shipping_class-lettre","9":"first","10":"instock","11":"taxable","12":"shipping-taxable","13":"purchasable","14":"product-type-simple"},"_links":{"self":[{"href":"https:\/\/www.hml-fetish.de\/shop\/fr\/wp-json\/wp\/v2\/product\/26717","targetHints":{"allow":["GET"]}}],"collection":[{"href":"https:\/\/www.hml-fetish.de\/shop\/fr\/wp-json\/wp\/v2\/product"}],"about":[{"href":"https:\/\/www.hml-fetish.de\/shop\/fr\/wp-json\/wp\/v2\/types\/product"}],"replies":[{"embeddable":true,"href":"https:\/\/www.hml-fetish.de\/shop\/fr\/wp-json\/wp\/v2\/comments?post=26717"}],"version-history":[{"count":0,"href":"https:\/\/www.hml-fetish.de\/shop\/fr\/wp-json\/wp\/v2\/product\/26717\/revisions"}],"wp:featuredmedia":[{"embeddable":true,"href":"https:\/\/www.hml-fetish.de\/shop\/fr\/wp-json\/wp\/v2\/media\/26714"}],"wp:attachment":[{"href":"https:\/\/www.hml-fetish.de\/shop\/fr\/wp-json\/wp\/v2\/media?parent=26717"}],"wp:term":[{"taxonomy":"product_brand","embeddable":true,"href":"https:\/\/www.hml-fetish.de\/shop\/fr\/wp-json\/wp\/v2\/product_brand?post=26717"},{"taxonomy":"product_cat","embeddable":true,"href":"https:\/\/www.hml-fetish.de\/shop\/fr\/wp-json\/wp\/v2\/product_cat?post=26717"},{"taxonomy":"product_tag","embeddable":true,"href":"https:\/\/www.hml-fetish.de\/shop\/fr\/wp-json\/wp\/v2\/product_tag?post=26717"}],"curies":[{"name":"wp","href":"https:\/\/api.w.org\/{rel}","templated":true}]}}