{"id":26700,"date":"2022-01-23T22:46:12","date_gmt":"2022-01-23T21:46:12","guid":{"rendered":"https:\/\/www.hml-fetish.de\/shop\/insigne-lapd-crash\/"},"modified":"2022-01-23T22:46:12","modified_gmt":"2022-01-23T21:46:12","slug":"insigne-lapd-crash","status":"publish","type":"product","link":"https:\/\/www.hml-fetish.de\/shop\/fr\/insigne-lapd-crash\/","title":{"rendered":"Insigne LAPD Crash"},"content":{"rendered":"<p><P>Ecusson de manche du Los Angeles Police Department (LAPD Crash Police) comme pi\u00e8ce de collection. Mesure environ 11 cm x 9 cm. <B>Toutes les insignes sont des repliques. Pourtant, elles ne dovent pas \u00eatre port\u00e9es en public. Elles ne sont vendues qu&#8217;\u00e0 titre d&#8217;objets de collection!<\/B><\/P><\/p>\n","protected":false},"excerpt":{"rendered":"<h4>Insigne LAPD Crash<\/h4>\n<p><P>Ecusson de manche du Los Angeles Police Department (LAPD Crash Police) comme pi\u00e8ce de collection. Mesure environ 11 cm x 9 cm. <B>Toutes les insignes sont des repliques. Pourtant, elles ne dovent pas \u00eatre port\u00e9es en public. Elles ne sont vendues qu&#8217;\u00e0 titre d&#8217;objets de collection!<\/B><\/P><\/p>\n","protected":false},"featured_media":26697,"comment_status":"open","ping_status":"closed","template":"","meta":[],"product_brand":[],"product_cat":[648],"product_tag":[],"class_list":{"0":"post-26700","1":"product","2":"type-product","3":"status-publish","4":"has-post-thumbnail","6":"product_cat-emblemes","7":"product_shipping_class-lettre","9":"first","10":"instock","11":"taxable","12":"shipping-taxable","13":"purchasable","14":"product-type-simple"},"_links":{"self":[{"href":"https:\/\/www.hml-fetish.de\/shop\/fr\/wp-json\/wp\/v2\/product\/26700","targetHints":{"allow":["GET"]}}],"collection":[{"href":"https:\/\/www.hml-fetish.de\/shop\/fr\/wp-json\/wp\/v2\/product"}],"about":[{"href":"https:\/\/www.hml-fetish.de\/shop\/fr\/wp-json\/wp\/v2\/types\/product"}],"replies":[{"embeddable":true,"href":"https:\/\/www.hml-fetish.de\/shop\/fr\/wp-json\/wp\/v2\/comments?post=26700"}],"version-history":[{"count":0,"href":"https:\/\/www.hml-fetish.de\/shop\/fr\/wp-json\/wp\/v2\/product\/26700\/revisions"}],"wp:featuredmedia":[{"embeddable":true,"href":"https:\/\/www.hml-fetish.de\/shop\/fr\/wp-json\/wp\/v2\/media\/26697"}],"wp:attachment":[{"href":"https:\/\/www.hml-fetish.de\/shop\/fr\/wp-json\/wp\/v2\/media?parent=26700"}],"wp:term":[{"taxonomy":"product_brand","embeddable":true,"href":"https:\/\/www.hml-fetish.de\/shop\/fr\/wp-json\/wp\/v2\/product_brand?post=26700"},{"taxonomy":"product_cat","embeddable":true,"href":"https:\/\/www.hml-fetish.de\/shop\/fr\/wp-json\/wp\/v2\/product_cat?post=26700"},{"taxonomy":"product_tag","embeddable":true,"href":"https:\/\/www.hml-fetish.de\/shop\/fr\/wp-json\/wp\/v2\/product_tag?post=26700"}],"curies":[{"name":"wp","href":"https:\/\/api.w.org\/{rel}","templated":true}]}}