{"id":26684,"date":"2022-01-23T22:46:13","date_gmt":"2022-01-23T21:46:13","guid":{"rendered":"https:\/\/www.hml-fetish.de\/shop\/u-wear-a-shirt-basic\/"},"modified":"2023-06-28T17:34:43","modified_gmt":"2023-06-28T15:34:43","slug":"u-wear-a-shirt-basic","status":"publish","type":"product","link":"https:\/\/www.hml-fetish.de\/shop\/fr\/u-wear-a-shirt-basic\/","title":{"rendered":"U-Wear A-Shirt basic"},"content":{"rendered":"<p><P>u-wear innove le marcel: un tank top coup\u00e9 pour bien mouler tontorse en l&#8217;accentuant avec ses coutures en couleur. Du coton pur avec 5% \u00e9lasthane. Tailles disponibles de S \u00e0 6XL. Couleurs noir et blanc.<br \/>\n<BR><img decoding=\"async\" src=\"\/GIF\/sizefr_unisex_sp.gif\" alt=\"tableau des tailles\" title=\"tableau des tailles\" border=\"0\" height=\"194\" width=\"114\"><\/P><\/p>\n","protected":false},"excerpt":{"rendered":"<h4>U-Wear A-Shirt basic<\/h4>\n<p><P>u-wear innove le marcel: un tank top coup\u00e9 pour bien mouler tontorse en l&#8217;accentuant avec ses coutures en couleur. Du coton pur avec 5% \u00e9lasthane.<\/P><\/p>\n","protected":false},"featured_media":26652,"comment_status":"open","ping_status":"closed","template":"","meta":[],"product_brand":[],"product_cat":[752,658],"product_tag":[],"class_list":{"0":"post-26684","1":"product","2":"type-product","3":"status-publish","4":"has-post-thumbnail","6":"product_cat-fin-de-serie","7":"product_cat-t-shirts-debardeurs","8":"product_shipping_class-lettre","10":"first","11":"instock","12":"sale","13":"taxable","14":"shipping-taxable","15":"purchasable","16":"product-type-variable"},"_links":{"self":[{"href":"https:\/\/www.hml-fetish.de\/shop\/fr\/wp-json\/wp\/v2\/product\/26684","targetHints":{"allow":["GET"]}}],"collection":[{"href":"https:\/\/www.hml-fetish.de\/shop\/fr\/wp-json\/wp\/v2\/product"}],"about":[{"href":"https:\/\/www.hml-fetish.de\/shop\/fr\/wp-json\/wp\/v2\/types\/product"}],"replies":[{"embeddable":true,"href":"https:\/\/www.hml-fetish.de\/shop\/fr\/wp-json\/wp\/v2\/comments?post=26684"}],"version-history":[{"count":0,"href":"https:\/\/www.hml-fetish.de\/shop\/fr\/wp-json\/wp\/v2\/product\/26684\/revisions"}],"wp:featuredmedia":[{"embeddable":true,"href":"https:\/\/www.hml-fetish.de\/shop\/fr\/wp-json\/wp\/v2\/media\/26652"}],"wp:attachment":[{"href":"https:\/\/www.hml-fetish.de\/shop\/fr\/wp-json\/wp\/v2\/media?parent=26684"}],"wp:term":[{"taxonomy":"product_brand","embeddable":true,"href":"https:\/\/www.hml-fetish.de\/shop\/fr\/wp-json\/wp\/v2\/product_brand?post=26684"},{"taxonomy":"product_cat","embeddable":true,"href":"https:\/\/www.hml-fetish.de\/shop\/fr\/wp-json\/wp\/v2\/product_cat?post=26684"},{"taxonomy":"product_tag","embeddable":true,"href":"https:\/\/www.hml-fetish.de\/shop\/fr\/wp-json\/wp\/v2\/product_tag?post=26684"}],"curies":[{"name":"wp","href":"https:\/\/api.w.org\/{rel}","templated":true}]}}