{"id":26492,"date":"2022-01-23T22:46:14","date_gmt":"2022-01-23T21:46:14","guid":{"rendered":"https:\/\/www.hml-fetish.de\/shop\/badge-de-bouclier\/"},"modified":"2022-01-23T22:46:14","modified_gmt":"2022-01-23T21:46:14","slug":"badge-de-bouclier","status":"publish","type":"product","link":"https:\/\/www.hml-fetish.de\/shop\/fr\/badge-de-bouclier\/","title":{"rendered":"Badge de bouclier"},"content":{"rendered":"<p><P>Un badge de police en forme de bouclier. Con\u00e7u sur le mod\u00e8le du badge d&#8217;un officier de la NYPD. En m\u00e9tal nickel\u00e9. 65 mm de haut. Seul le badge pectoral est vendu, PAS la d\u00e9coration !<br \/>\n<BR><B>M\u00eame s&#8217;il ne s&#8217;agit pas d&#8217;originaux, cet article ne doit pas \u00eatre port\u00e9 en public ! Il s&#8217;agit uniquement d&#8217;objets de collection.<\/B><\/P><\/p>\n","protected":false},"excerpt":{"rendered":"<h4>Badge de bouclier<\/h4>\n<p><P>Un badge de police en forme de bouclier. Con\u00e7u sur le mod\u00e8le du badge d&#8217;un officier de la NYPD. En m\u00e9tal nickel\u00e9. 65 mm de haut. Seul le badge pectoral est vendu, PAS la d\u00e9coration !<\/P><\/p>\n","protected":false},"featured_media":26479,"comment_status":"open","ping_status":"closed","template":"","meta":[],"product_brand":[],"product_cat":[648],"product_tag":[],"class_list":{"0":"post-26492","1":"product","2":"type-product","3":"status-publish","4":"has-post-thumbnail","6":"product_cat-emblemes","7":"product_shipping_class-lettre","9":"first","10":"instock","11":"taxable","12":"shipping-taxable","13":"purchasable","14":"product-type-simple"},"_links":{"self":[{"href":"https:\/\/www.hml-fetish.de\/shop\/fr\/wp-json\/wp\/v2\/product\/26492","targetHints":{"allow":["GET"]}}],"collection":[{"href":"https:\/\/www.hml-fetish.de\/shop\/fr\/wp-json\/wp\/v2\/product"}],"about":[{"href":"https:\/\/www.hml-fetish.de\/shop\/fr\/wp-json\/wp\/v2\/types\/product"}],"replies":[{"embeddable":true,"href":"https:\/\/www.hml-fetish.de\/shop\/fr\/wp-json\/wp\/v2\/comments?post=26492"}],"version-history":[{"count":0,"href":"https:\/\/www.hml-fetish.de\/shop\/fr\/wp-json\/wp\/v2\/product\/26492\/revisions"}],"wp:featuredmedia":[{"embeddable":true,"href":"https:\/\/www.hml-fetish.de\/shop\/fr\/wp-json\/wp\/v2\/media\/26479"}],"wp:attachment":[{"href":"https:\/\/www.hml-fetish.de\/shop\/fr\/wp-json\/wp\/v2\/media?parent=26492"}],"wp:term":[{"taxonomy":"product_brand","embeddable":true,"href":"https:\/\/www.hml-fetish.de\/shop\/fr\/wp-json\/wp\/v2\/product_brand?post=26492"},{"taxonomy":"product_cat","embeddable":true,"href":"https:\/\/www.hml-fetish.de\/shop\/fr\/wp-json\/wp\/v2\/product_cat?post=26492"},{"taxonomy":"product_tag","embeddable":true,"href":"https:\/\/www.hml-fetish.de\/shop\/fr\/wp-json\/wp\/v2\/product_tag?post=26492"}],"curies":[{"name":"wp","href":"https:\/\/api.w.org\/{rel}","templated":true}]}}