{"id":26476,"date":"2022-01-23T22:46:14","date_gmt":"2022-01-23T21:46:14","guid":{"rendered":"https:\/\/www.hml-fetish.de\/shop\/badge-pour-casquettes-police\/"},"modified":"2022-01-23T22:46:14","modified_gmt":"2022-01-23T21:46:14","slug":"badge-pour-casquettes-police","status":"publish","type":"product","link":"https:\/\/www.hml-fetish.de\/shop\/fr\/badge-pour-casquettes-police\/","title":{"rendered":"Badge pour casquettes police"},"content":{"rendered":"<p><P>C&#8217;est exactement le m\u00eame que celui que l&#8217;on voit sur les casquettes du Los Angeles Police Department. Celui-ci est enti\u00e8rement en m\u00e9tal lourd, argent\u00e9 et avec des incrustations d&#8217;\u00e9mail bleu. Elle a une taille d&#8217;environ 64 mm x 64 mm. Version joliment d\u00e9taill\u00e9e pour un usage professionnel, avec fixation par vis.<br \/>\n<BR>Nous ne vendons pas ce badge aux Etats-Unis.<br \/>\n<BR><B>Bien qu&#8217;il ne s&#8217;agisse pas d&#8217;originaux, cet article ne doit pas \u00eatre port\u00e9 en public ! Il s&#8217;agit uniquement d&#8217;un objet de collection.<\/P><\/p>\n","protected":false},"excerpt":{"rendered":"<h4>Badge pour casquettes police<\/h4>\n<p><P>C&#8217;est exactement le m\u00eame que celui que l&#8217;on voit sur les casquettes du Los Angeles Police Department. Celui-ci est enti\u00e8rement en m\u00e9tal lourd, argent\u00e9 et avec des incrustations d&#8217;\u00e9mail bleu. Elle a une taille d&#8217;environ 64 mm x 64 mm. Version joliment d\u00e9taill\u00e9e pour un usage professionnel, avec fixation par vis.<\/P><\/p>\n","protected":false},"featured_media":26469,"comment_status":"open","ping_status":"closed","template":"","meta":[],"product_brand":[],"product_cat":[648],"product_tag":[],"class_list":{"0":"post-26476","1":"product","2":"type-product","3":"status-publish","4":"has-post-thumbnail","6":"product_cat-emblemes","7":"product_shipping_class-lettre","9":"first","10":"instock","11":"taxable","12":"shipping-taxable","13":"purchasable","14":"product-type-simple"},"_links":{"self":[{"href":"https:\/\/www.hml-fetish.de\/shop\/fr\/wp-json\/wp\/v2\/product\/26476","targetHints":{"allow":["GET"]}}],"collection":[{"href":"https:\/\/www.hml-fetish.de\/shop\/fr\/wp-json\/wp\/v2\/product"}],"about":[{"href":"https:\/\/www.hml-fetish.de\/shop\/fr\/wp-json\/wp\/v2\/types\/product"}],"replies":[{"embeddable":true,"href":"https:\/\/www.hml-fetish.de\/shop\/fr\/wp-json\/wp\/v2\/comments?post=26476"}],"version-history":[{"count":0,"href":"https:\/\/www.hml-fetish.de\/shop\/fr\/wp-json\/wp\/v2\/product\/26476\/revisions"}],"wp:featuredmedia":[{"embeddable":true,"href":"https:\/\/www.hml-fetish.de\/shop\/fr\/wp-json\/wp\/v2\/media\/26469"}],"wp:attachment":[{"href":"https:\/\/www.hml-fetish.de\/shop\/fr\/wp-json\/wp\/v2\/media?parent=26476"}],"wp:term":[{"taxonomy":"product_brand","embeddable":true,"href":"https:\/\/www.hml-fetish.de\/shop\/fr\/wp-json\/wp\/v2\/product_brand?post=26476"},{"taxonomy":"product_cat","embeddable":true,"href":"https:\/\/www.hml-fetish.de\/shop\/fr\/wp-json\/wp\/v2\/product_cat?post=26476"},{"taxonomy":"product_tag","embeddable":true,"href":"https:\/\/www.hml-fetish.de\/shop\/fr\/wp-json\/wp\/v2\/product_tag?post=26476"}],"curies":[{"name":"wp","href":"https:\/\/api.w.org\/{rel}","templated":true}]}}