{"id":26466,"date":"2022-01-23T22:46:14","date_gmt":"2022-01-23T21:46:14","guid":{"rendered":"https:\/\/www.hml-fetish.de\/shop\/insigne-lapd\/"},"modified":"2022-01-23T22:46:14","modified_gmt":"2022-01-23T21:46:14","slug":"insigne-lapd","status":"publish","type":"product","link":"https:\/\/www.hml-fetish.de\/shop\/fr\/insigne-lapd\/","title":{"rendered":"Insigne LAPD"},"content":{"rendered":"<p><P>Un badge de casquette classique du Los Angeles Police Department d&#8217;environ 65 x 60 mm. Un mod\u00e8le particuli\u00e8rement lourd avec un sceau en \u00e9mail &#8220;City of Los Angeles founded 1781&#8221; et l&#8217;inscription en bleu &#8220;Police&#8221; sous le sceau. La fixation se fait simplement \u00e0 l&#8217;arri\u00e8re \u00e0 l&#8217;aide d&#8217;une \u00e9pingle transversale.<br \/>\n<BR>Nous ne vendons pas ce badge aux Etats-Unis.<br \/>\n<BR><B>M\u00eame s&#8217;il ne s&#8217;agit pas d&#8217;originaux, cet article ne doit pas \u00eatre port\u00e9 en public ! Il s&#8217;agit uniquement d&#8217;objets de collection.<\/B><\/P><\/p>\n","protected":false},"excerpt":{"rendered":"<h4>Insigne LAPD<\/h4>\n<p><P>Un badge de casquette classique du Los Angeles Police Department d&#8217;environ 65 x 60 mm. Un mod\u00e8le particuli\u00e8rement lourd avec un sceau en \u00e9mail &#8220;City of Los Angeles founded 1781&#8221; et l&#8217;inscription en bleu &#8220;Police&#8221; sous le sceau. La fixation se fait simplement \u00e0 l&#8217;arri\u00e8re \u00e0 l&#8217;aide d&#8217;une \u00e9pingle transversale.<\/P><\/p>\n","protected":false},"featured_media":26451,"comment_status":"open","ping_status":"closed","template":"","meta":[],"product_brand":[],"product_cat":[648],"product_tag":[4384],"class_list":{"0":"post-26466","1":"product","2":"type-product","3":"status-publish","4":"has-post-thumbnail","6":"product_cat-emblemes","7":"product_tag-best-seller-police-fr","8":"product_shipping_class-lettre","10":"first","11":"instock","12":"taxable","13":"shipping-taxable","14":"purchasable","15":"product-type-simple"},"_links":{"self":[{"href":"https:\/\/www.hml-fetish.de\/shop\/fr\/wp-json\/wp\/v2\/product\/26466","targetHints":{"allow":["GET"]}}],"collection":[{"href":"https:\/\/www.hml-fetish.de\/shop\/fr\/wp-json\/wp\/v2\/product"}],"about":[{"href":"https:\/\/www.hml-fetish.de\/shop\/fr\/wp-json\/wp\/v2\/types\/product"}],"replies":[{"embeddable":true,"href":"https:\/\/www.hml-fetish.de\/shop\/fr\/wp-json\/wp\/v2\/comments?post=26466"}],"version-history":[{"count":0,"href":"https:\/\/www.hml-fetish.de\/shop\/fr\/wp-json\/wp\/v2\/product\/26466\/revisions"}],"wp:featuredmedia":[{"embeddable":true,"href":"https:\/\/www.hml-fetish.de\/shop\/fr\/wp-json\/wp\/v2\/media\/26451"}],"wp:attachment":[{"href":"https:\/\/www.hml-fetish.de\/shop\/fr\/wp-json\/wp\/v2\/media?parent=26466"}],"wp:term":[{"taxonomy":"product_brand","embeddable":true,"href":"https:\/\/www.hml-fetish.de\/shop\/fr\/wp-json\/wp\/v2\/product_brand?post=26466"},{"taxonomy":"product_cat","embeddable":true,"href":"https:\/\/www.hml-fetish.de\/shop\/fr\/wp-json\/wp\/v2\/product_cat?post=26466"},{"taxonomy":"product_tag","embeddable":true,"href":"https:\/\/www.hml-fetish.de\/shop\/fr\/wp-json\/wp\/v2\/product_tag?post=26466"}],"curies":[{"name":"wp","href":"https:\/\/api.w.org\/{rel}","templated":true}]}}