{"id":26419,"date":"2022-01-23T22:46:16","date_gmt":"2022-01-23T21:46:16","guid":{"rendered":"https:\/\/www.hml-fetish.de\/shop\/le-carnet-pour-les-hommes-beach-boy\/"},"modified":"2022-08-23T17:55:33","modified_gmt":"2022-08-23T15:55:33","slug":"le-carnet-pour-les-hommes","status":"publish","type":"product","link":"https:\/\/www.hml-fetish.de\/shop\/fr\/le-carnet-pour-les-hommes\/","title":{"rendered":"Le carnet pour les hommes Beach Boy"},"content":{"rendered":"<p><P>Un carnet qui se pr\u00eate autant aux pens\u00e9es vite not\u00e9es qu\u2019aux m\u00e9moires ou m\u00eame ton premier roman. Du papier de qualit\u00e9, 5 euros seulement, ce carnet devrait t\u2019accompagner partout!<br \/>\n<BR>Format: 15 x 21 cm<br \/>\n<BR>224 pages; livre reli\u00e9<br \/>\n<BR>Imprim\u00e9 de Bruno Gm\u00fcnder<\/P><\/p>\n","protected":false},"excerpt":{"rendered":"<h4>Le carnet pour les hommes Beach Boy<\/h4>\n<p><P>Un carnet qui se pr\u00eate autant aux pens\u00e9es vite not\u00e9es qu\u2019aux m\u00e9moires ou m\u00eame ton premier roman. Du papier de qualit\u00e9, 5 euros seulement, ce carnet devrait t\u2019accompagner partout !<\/P><\/p>\n","protected":false},"featured_media":26411,"comment_status":"open","ping_status":"closed","template":"","meta":[],"product_brand":[],"product_cat":[721,754,730],"product_tag":[],"class_list":{"0":"post-26419","1":"product","2":"type-product","3":"status-publish","4":"has-post-thumbnail","6":"product_cat-gay-pride-fr","7":"product_cat-livres-de-mike-gorden","8":"product_cat-livres-calendriers-allemand","9":"product_shipping_class-lettre","11":"first","12":"instock","13":"taxable","14":"shipping-taxable","15":"purchasable","16":"product-type-simple"},"_links":{"self":[{"href":"https:\/\/www.hml-fetish.de\/shop\/fr\/wp-json\/wp\/v2\/product\/26419","targetHints":{"allow":["GET"]}}],"collection":[{"href":"https:\/\/www.hml-fetish.de\/shop\/fr\/wp-json\/wp\/v2\/product"}],"about":[{"href":"https:\/\/www.hml-fetish.de\/shop\/fr\/wp-json\/wp\/v2\/types\/product"}],"replies":[{"embeddable":true,"href":"https:\/\/www.hml-fetish.de\/shop\/fr\/wp-json\/wp\/v2\/comments?post=26419"}],"version-history":[{"count":0,"href":"https:\/\/www.hml-fetish.de\/shop\/fr\/wp-json\/wp\/v2\/product\/26419\/revisions"}],"wp:featuredmedia":[{"embeddable":true,"href":"https:\/\/www.hml-fetish.de\/shop\/fr\/wp-json\/wp\/v2\/media\/26411"}],"wp:attachment":[{"href":"https:\/\/www.hml-fetish.de\/shop\/fr\/wp-json\/wp\/v2\/media?parent=26419"}],"wp:term":[{"taxonomy":"product_brand","embeddable":true,"href":"https:\/\/www.hml-fetish.de\/shop\/fr\/wp-json\/wp\/v2\/product_brand?post=26419"},{"taxonomy":"product_cat","embeddable":true,"href":"https:\/\/www.hml-fetish.de\/shop\/fr\/wp-json\/wp\/v2\/product_cat?post=26419"},{"taxonomy":"product_tag","embeddable":true,"href":"https:\/\/www.hml-fetish.de\/shop\/fr\/wp-json\/wp\/v2\/product_tag?post=26419"}],"curies":[{"name":"wp","href":"https:\/\/api.w.org\/{rel}","templated":true}]}}